{"id":4538,"date":"2025-06-12T15:49:51","date_gmt":"2025-06-12T13:49:51","guid":{"rendered":"https:\/\/aparra-surfcamp.com\/partenaires\/"},"modified":"2025-06-13T16:45:23","modified_gmt":"2025-06-13T14:45:23","slug":"socios","status":"publish","type":"page","link":"https:\/\/aparra-surfcamp.com\/es\/socios\/","title":{"rendered":"Socios"},"content":{"rendered":"<section id=\"ls-section-block_b1dee686c0dacb62ad697113b50f6e19\" class=\"ls-section \" >\r\n        <div class=\"container \">\r\n        \n\n<h1 class=\"ls__heading wp-block-heading has-text-align-left deco\">Nuestros <strong>socios<\/strong><\/h1>\n\n\r\n    <\/div>\r\n<\/section><section id=\"ls-section-block_8cd67158f4f1a20115f81e99e9652636\" class=\"ls-section \" >\r\n        <div class=\"container container--full\">\r\n        \n\n<h2 class=\"ls__heading wp-block-heading\"><strong>Saint Jean de Luz<\/strong><\/h2>\n\n\n\n<div class=\"wp-block-columns is-layout-flex wp-container-core-columns-is-layout-9d6595d7 wp-block-columns-is-layout-flex\">\n<div class=\"wp-block-column is-vertically-aligned-center image is-layout-flow wp-block-column-is-layout-flow\" style=\"flex-basis:40%\"><div class=\"wp-block-image animated fadeIn delay-100ms slow\">\n<figure class=\"aligncenter size-full is-resized\"><img decoding=\"async\" width=\"282\" height=\"361\" src=\"https:\/\/aparra-surfcamp.com\/wp-content\/uploads\/2025\/06\/Logo-ASC-principal-cmjn-fond-transparent@72x.png\" alt=\"Logo ASC principal cmjn fond transparent@72x\" class=\"wp-image-4515\" style=\"width:250px\" srcset=\"https:\/\/aparra-surfcamp.com\/wp-content\/uploads\/2025\/06\/Logo-ASC-principal-cmjn-fond-transparent@72x.png 282w, https:\/\/aparra-surfcamp.com\/wp-content\/uploads\/2025\/06\/Logo-ASC-principal-cmjn-fond-transparent@72x-234x300.png 234w\" sizes=\"(max-width: 282px) 100vw, 282px\" \/><\/figure>\n<\/div><\/div>\n\n\n\n<div class=\"wp-block-column is-vertically-aligned-center text is-layout-flow wp-block-column-is-layout-flow\" style=\"flex-basis:26.67%\">\n<h3 class=\"ls__heading wp-block-heading\"><img decoding=\"async\" alt=\"&#x1F3C4;&#x200D;&#x2642;&#xFE0F;\" src=\"https:\/\/fonts.gstatic.com\/s\/e\/notoemoji\/16.0\/1f3c4_200d_2642_fe0f\/32.png\"\/> Aprende a surfear con Artha Surf Club &#8211; Plage d&#8217;Erromardie &#8211; Camping Chibau Berria<\/h3>\n\n\n\n<p class=\"ls-paragraph\">\u00bfQuiere descubrir el surf en un entorno natural intacto y un ambiente acogedor?<br\/>Cada verano, el Artha Surf Club, una asociaci\u00f3n local de aficionados al surf, ofrece clases y cursos de surf abiertos a todos los mayores de 10 a\u00f1os, en la magn\u00edfica playa de Erromardie, en San Juan de Luz.<\/p>\n\n\n\n<h3 class=\"ls__heading wp-block-heading\"><img decoding=\"async\" alt=\"&#x1F30A;\" src=\"https:\/\/fonts.gstatic.com\/s\/e\/notoemoji\/16.0\/1f30a\/32.png\"\/> Una experiencia \u00fanica en un lugar con car\u00e1cter<\/h3>\n\n\n\n<p class=\"ls-paragraph\">Las clases se imparten en el arrecife natural de Erromardie, famoso por la calidad y la regularidad de sus olas. Dirigidas por monitores diplomados, las clases se adaptan al nivel de cada uno: desde principiante hasta perfeccionamiento.En el programa:Aprendizaje de las bases t\u00e9cnicas (equilibrio, remada, despegue)Aprendizaje de la lectura del oc\u00e9ano y de la seguridadEntrenamiento personalizado en grupos reducidos. <\/p>\n<\/div>\n\n\n\n<div class=\"wp-block-column is-vertically-aligned-center is-layout-flow wp-block-column-is-layout-flow\" style=\"flex-basis:33.33%\">\n<h3 class=\"ls__heading wp-block-heading\"><img decoding=\"async\" alt=\"&#x1F4C5;\" src=\"https:\/\/fonts.gstatic.com\/s\/e\/notoemoji\/16.0\/1f4c5\/32.png\"\/> F\u00f3rmulas disponibles:<\/h3>\n\n\n\n<p class=\"ls-paragraph\">Clases individuales: perfectas para un primer acercamientoCursos de 3 y 5 sesiones: para progresar suavemente durante varios d\u00edasGrupos limitados para garantizar un progreso \u00f3ptimo<\/p>\n\n\n\n<h3 class=\"ls__heading wp-block-heading\"><img decoding=\"async\" alt=\"&#x1F919;\" src=\"https:\/\/fonts.gstatic.com\/s\/e\/notoemoji\/16.0\/1f919\/32.png\"\/> Una asociaci\u00f3n comprometida<\/h3>\n\n\n\n<p class=\"ls-paragraph\">Fundado por aficionados al surf, Artha Surf Club promueve un surf accesible, educativo y respetuoso con el medio ambiente. Para el club es un honor transmitir los valores del surf vasco: solidaridad, humildad y respeto por el oc\u00e9ano. <\/p>\n\n\n\n<p class=\"ls-paragraph\"><img decoding=\"async\" src=\"https:\/\/fonts.gstatic.com\/s\/e\/notoemoji\/16.0\/1f4cd\/32.png\" alt=\"&#x1F4CD;\"\/> <strong>Localizaci\u00f3n<\/strong>: Plage d&#8217;Erromardie &#8211; Saint-Jean-de-Luz<br\/><img decoding=\"async\" src=\"https:\/\/fonts.gstatic.com\/s\/e\/notoemoji\/16.0\/1f4c6\/32.png\" alt=\"&#x1F4C6;\"\/> <strong>Periodo<\/strong>: Julio &#8211; Agosto<br\/><img decoding=\"async\" src=\"https:\/\/fonts.gstatic.com\/s\/e\/notoemoji\/16.0\/1f3af\/32.png\" alt=\"&#x1F3AF;\"\/> <strong>P\u00fablico<\/strong>: A partir de 10 a\u00f1os &#8211; Todos los niveles<br\/><img decoding=\"async\" src=\"https:\/\/fonts.gstatic.com\/s\/e\/notoemoji\/16.0\/1f4de\/32.png\" alt=\"&#x1F4DE;\"\/> <strong>Contacto<\/strong>: 06 08 96 96 31 y <a href=\"mailto:arthasurf@gmail.com\" target=\"_blank\" rel=\"noreferrer noopener\">arthasurf@gmail.com<\/a><br\/><img decoding=\"async\" src=\"https:\/\/fonts.gstatic.com\/s\/e\/notoemoji\/16.0\/1f310\/32.png\" alt=\"&#x1F310;\"\/> <strong>Informaci\u00f3n y reservas<\/strong>: <a href=\"https:\/\/www.arthasurfclub.fr\/\" target=\"_blank\" rel=\"noreferrer noopener\">www.arthasurfclub.fr<\/a><\/p>\n<\/div>\n<\/div>\n\n\r\n    <\/div>\r\n<\/section><section id=\"ls-section-block_8cd67158f4f1a20115f81e99e9652636\" class=\"ls-section \" >\r\n        <div class=\"container container--full\">\r\n        \n\n<h2 class=\"ls__heading wp-block-heading\"><strong>Hendaya<\/strong><\/h2>\n\n\n\n<div class=\"wp-block-columns is-layout-flex wp-container-core-columns-is-layout-9d6595d7 wp-block-columns-is-layout-flex\">\n<div class=\"wp-block-column is-vertically-aligned-center image is-layout-flow wp-block-column-is-layout-flow\" style=\"flex-basis:40%\"><div class=\"wp-block-image animated fadeIn delay-100ms slow\">\n<figure class=\"aligncenter size-full is-resized\"><img decoding=\"async\" width=\"491\" height=\"373\" src=\"https:\/\/aparra-surfcamp.com\/wp-content\/uploads\/2025\/06\/gold_coast_surf_school.png\" alt=\"gold coast surf school\" class=\"wp-image-4527\" style=\"width:250px\" srcset=\"https:\/\/aparra-surfcamp.com\/wp-content\/uploads\/2025\/06\/gold_coast_surf_school.png 491w, https:\/\/aparra-surfcamp.com\/wp-content\/uploads\/2025\/06\/gold_coast_surf_school-300x228.png 300w\" sizes=\"(max-width: 491px) 100vw, 491px\" \/><\/figure>\n<\/div><\/div>\n\n\n\n<div class=\"wp-block-column is-vertically-aligned-center text is-layout-flow wp-block-column-is-layout-flow\" style=\"flex-basis:26.67%\">\n<h3 class=\"ls__heading wp-block-heading\"><img decoding=\"async\" src=\"https:\/\/fonts.gstatic.com\/s\/e\/notoemoji\/16.0\/1f3c4_200d_2642_fe0f\/32.png\" alt=\"&#x1F3C4;&#x200D;&#x2642;&#xFE0F;\"\/> \u00bfBusca emociones fuertes en vacaciones?<\/h3>\n\n\n\n<p class=\"ls-paragraph\">Nuestras escuelas de surf OceanBeach y GoldCoast te dan la bienvenida todos los d\u00edas para que vivas un momento inolvidable sobre las olas de Hendaya.<\/p>\n\n\n\n<p class=\"ls-paragraph\">Tanto si es un esquiador principiante, intermedio o avanzado, nuestros instructores cualificados y entusiastas ofrecen clases para todos los niveles, en un ambiente agradable, relajado y familiar. Tanto si eres un ni\u00f1o como un adulto, hay algo para todos, con total seguridad. <\/p>\n\n\n\n<h3 class=\"ls__heading wp-block-heading\"><img decoding=\"async\" src=\"https:\/\/fonts.gstatic.com\/s\/e\/notoemoji\/16.0\/1f30a\/32.png\" alt=\"&#x1F30A;\"\/> Tambi\u00e9n ofrecemos alquiler de equipos<\/h3>\n\n\n\n<p class=\"ls-paragraph\"> &#8211; Planchas de surf<br\/>&#8211; Bodyboards<br\/>&#8211; Palas<br\/>&#8211; Combinaciones<\/p>\n\n\n\n<p class=\"ls-paragraph\">Y una buena noticia:<br\/>\u00a1Como cliente de Aparra Surfcamp , disfrutar\u00e1s de tarifas preferentes en<br\/>todos nuestros servicios!<\/p>\n<\/div>\n\n\n\n<div class=\"wp-block-column is-vertically-aligned-center is-layout-flow wp-block-column-is-layout-flow\" style=\"flex-basis:33.33%\">\n<h3 class=\"ls__heading wp-block-heading\">El spot de Hendaya, famoso por sus olas suaves y regulares, es el lugarideal<br\/> para aprender, progresar y divertirse con total seguridad.<\/h3>\n\n\n\n<p class=\"ls-paragraph\">\u00a1Vis\u00edtenos directamente en la playa o p\u00f3ngase en contacto con nosotros para reservar susesi\u00f3n<br\/>!<br\/>\u00a1Nos vemos en el agua ! <\/p>\n\n\n\n<h3 class=\"ls__heading wp-block-heading\">CONT\u00c1CTENOS:<\/h3>\n\n\n\n<p class=\"ls-paragraph\"><img decoding=\"async\" src=\"https:\/\/fonts.gstatic.com\/s\/e\/notoemoji\/16.0\/1f4de\/32.png\" alt=\"&#x1F4DE;\"\/> <strong>Tel\u00e9fono <\/strong>: 05 59 20 31 44 &#8211; 06 70 62 07 07<br\/><img decoding=\"async\" src=\"https:\/\/fonts.gstatic.com\/s\/e\/notoemoji\/16.0\/1f4cd\/32.png\" alt=\"&#x1F4CD;\"\/><strong>Direcci\u00f3n <\/strong>: 71 boulevard de la mer, Hendaya 64700<br\/>\ud83d\udce7 <strong>Mail<\/strong>: <a href=\"mailto:contact@ecoesurf-goldcoast.com\" target=\"_blank\" rel=\"noreferrer noopener\">contact@ecoesurf-goldcoast.com<\/a><br\/><img decoding=\"async\" src=\"https:\/\/fonts.gstatic.com\/s\/e\/notoemoji\/16.0\/1f310\/32.png\" alt=\"&#x1F310;\"\/> <strong>Web <\/strong>: <a href=\"http:\/\/www.ecolesurfhendaye.com\/\" target=\"_blank\" rel=\"noreferrer noopener\">www.ecolesurfhendaye.com<br\/>\ud83d\udcf7<\/a> <strong>Instagram<\/strong>: <a href=\"https:\/\/www.instagram.com\/Ecole_De_Surf_Gold_Coast\" target=\"_blank\" rel=\"noreferrer noopener\">@Ecole_De_Surf_Gold_Coast<\/a><\/p>\n\n\n\n<p class=\"ls-paragraph\">Inscripci\u00f3n previa por tel\u00e9fono o directamente in situ.<\/p>\n\n\n\n<p class=\"ls-paragraph\"><a href=\"\/wp-content\/uploads\/2023\/05\/ECOLE-DE-SURF-OCEANBEACH-GOLDCOAST-2.pdf\" target=\"_blank\" rel=\"noreferrer noopener\">Consultar la documentaci\u00f3n<\/a><\/p>\n<\/div>\n<\/div>\n\n\r\n    <\/div>\r\n<\/section>","protected":false},"excerpt":{"rendered":"","protected":false},"author":1,"featured_media":0,"parent":0,"menu_order":0,"comment_status":"closed","ping_status":"closed","template":"","meta":{"_acf_changed":false,"inline_featured_image":false,"footnotes":""},"sujet":[],"class_list":["post-4538","page","type-page","status-publish","hentry"],"acf":[],"yoast_head":"<!-- This site is optimized with the Yoast SEO plugin v25.3 - https:\/\/yoast.com\/wordpress\/plugins\/seo\/ -->\n<title>Socios - Aparra Surfcamp<\/title>\n<meta name=\"robots\" content=\"index, follow, max-snippet:-1, max-image-preview:large, max-video-preview:-1\" \/>\n<link rel=\"canonical\" href=\"https:\/\/aparra-surfcamp.com\/es\/socios\/\" \/>\n<meta property=\"og:locale\" content=\"es_ES\" \/>\n<meta property=\"og:type\" content=\"article\" \/>\n<meta property=\"og:title\" content=\"Socios - Aparra Surfcamp\" \/>\n<meta property=\"og:url\" content=\"https:\/\/aparra-surfcamp.com\/es\/socios\/\" \/>\n<meta property=\"og:site_name\" content=\"Aparra Surfcamp\" \/>\n<meta property=\"article:modified_time\" content=\"2025-06-13T14:45:23+00:00\" \/>\n<meta property=\"og:image\" content=\"https:\/\/aparra-surfcamp.com\/wp-content\/uploads\/2025\/06\/Logo-ASC-principal-cmjn-fond-transparent@72x.png\" \/>\n\t<meta property=\"og:image:width\" content=\"282\" \/>\n\t<meta property=\"og:image:height\" content=\"361\" \/>\n\t<meta property=\"og:image:type\" content=\"image\/png\" \/>\n<meta name=\"twitter:card\" content=\"summary_large_image\" \/>\n<meta name=\"twitter:label1\" content=\"Tiempo de lectura\" \/>\n\t<meta name=\"twitter:data1\" content=\"6 minutos\" \/>\n<script type=\"application\/ld+json\" class=\"yoast-schema-graph\">{\"@context\":\"https:\/\/schema.org\",\"@graph\":[{\"@type\":\"WebPage\",\"@id\":\"https:\/\/aparra-surfcamp.com\/es\/socios\/\",\"url\":\"https:\/\/aparra-surfcamp.com\/es\/socios\/\",\"name\":\"Socios - Aparra Surfcamp\",\"isPartOf\":{\"@id\":\"https:\/\/aparra-surfcamp.com\/#website\"},\"primaryImageOfPage\":{\"@id\":\"https:\/\/aparra-surfcamp.com\/es\/socios\/#primaryimage\"},\"image\":{\"@id\":\"https:\/\/aparra-surfcamp.com\/es\/socios\/#primaryimage\"},\"thumbnailUrl\":\"https:\/\/aparra-surfcamp.com\/wp-content\/uploads\/2025\/06\/Logo-ASC-principal-cmjn-fond-transparent@72x.png\",\"datePublished\":\"2025-06-12T13:49:51+00:00\",\"dateModified\":\"2025-06-13T14:45:23+00:00\",\"breadcrumb\":{\"@id\":\"https:\/\/aparra-surfcamp.com\/es\/socios\/#breadcrumb\"},\"inLanguage\":\"es\",\"potentialAction\":[{\"@type\":\"ReadAction\",\"target\":[\"https:\/\/aparra-surfcamp.com\/es\/socios\/\"]}]},{\"@type\":\"ImageObject\",\"inLanguage\":\"es\",\"@id\":\"https:\/\/aparra-surfcamp.com\/es\/socios\/#primaryimage\",\"url\":\"https:\/\/aparra-surfcamp.com\/wp-content\/uploads\/2025\/06\/Logo-ASC-principal-cmjn-fond-transparent@72x.png\",\"contentUrl\":\"https:\/\/aparra-surfcamp.com\/wp-content\/uploads\/2025\/06\/Logo-ASC-principal-cmjn-fond-transparent@72x.png\"},{\"@type\":\"BreadcrumbList\",\"@id\":\"https:\/\/aparra-surfcamp.com\/es\/socios\/#breadcrumb\",\"itemListElement\":[{\"@type\":\"ListItem\",\"position\":1,\"name\":\"Surf Camp Pays Basque\",\"item\":\"https:\/\/aparra-surfcamp.com\/es\/\"},{\"@type\":\"ListItem\",\"position\":2,\"name\":\"Socios\"}]},{\"@type\":\"WebSite\",\"@id\":\"https:\/\/aparra-surfcamp.com\/#website\",\"url\":\"https:\/\/aparra-surfcamp.com\/\",\"name\":\"Aparra Surfcamp\",\"description\":\"\",\"publisher\":{\"@id\":\"https:\/\/aparra-surfcamp.com\/#organization\"},\"potentialAction\":[{\"@type\":\"SearchAction\",\"target\":{\"@type\":\"EntryPoint\",\"urlTemplate\":\"https:\/\/aparra-surfcamp.com\/?s={search_term_string}\"},\"query-input\":{\"@type\":\"PropertyValueSpecification\",\"valueRequired\":true,\"valueName\":\"search_term_string\"}}],\"inLanguage\":\"es\"},{\"@type\":\"Organization\",\"@id\":\"https:\/\/aparra-surfcamp.com\/#organization\",\"name\":\"Aparra Surfcamp\",\"url\":\"https:\/\/aparra-surfcamp.com\/\",\"logo\":{\"@type\":\"ImageObject\",\"inLanguage\":\"es\",\"@id\":\"https:\/\/aparra-surfcamp.com\/#\/schema\/logo\/image\/\",\"url\":\"https:\/\/aparra-surfcamp.com\/wp-content\/uploads\/2023\/05\/logo-aparra-surfsamp.webp\",\"contentUrl\":\"https:\/\/aparra-surfcamp.com\/wp-content\/uploads\/2023\/05\/logo-aparra-surfsamp.webp\",\"width\":500,\"height\":500,\"caption\":\"Aparra Surfcamp\"},\"image\":{\"@id\":\"https:\/\/aparra-surfcamp.com\/#\/schema\/logo\/image\/\"}}]}<\/script>\n<!-- \/ Yoast SEO plugin. -->","yoast_head_json":{"title":"Socios - Aparra Surfcamp","robots":{"index":"index","follow":"follow","max-snippet":"max-snippet:-1","max-image-preview":"max-image-preview:large","max-video-preview":"max-video-preview:-1"},"canonical":"https:\/\/aparra-surfcamp.com\/es\/socios\/","og_locale":"es_ES","og_type":"article","og_title":"Socios - Aparra Surfcamp","og_url":"https:\/\/aparra-surfcamp.com\/es\/socios\/","og_site_name":"Aparra Surfcamp","article_modified_time":"2025-06-13T14:45:23+00:00","og_image":[{"width":282,"height":361,"url":"https:\/\/aparra-surfcamp.com\/wp-content\/uploads\/2025\/06\/Logo-ASC-principal-cmjn-fond-transparent@72x.png","type":"image\/png"}],"twitter_card":"summary_large_image","twitter_misc":{"Tiempo de lectura":"6 minutos"},"schema":{"@context":"https:\/\/schema.org","@graph":[{"@type":"WebPage","@id":"https:\/\/aparra-surfcamp.com\/es\/socios\/","url":"https:\/\/aparra-surfcamp.com\/es\/socios\/","name":"Socios - Aparra Surfcamp","isPartOf":{"@id":"https:\/\/aparra-surfcamp.com\/#website"},"primaryImageOfPage":{"@id":"https:\/\/aparra-surfcamp.com\/es\/socios\/#primaryimage"},"image":{"@id":"https:\/\/aparra-surfcamp.com\/es\/socios\/#primaryimage"},"thumbnailUrl":"https:\/\/aparra-surfcamp.com\/wp-content\/uploads\/2025\/06\/Logo-ASC-principal-cmjn-fond-transparent@72x.png","datePublished":"2025-06-12T13:49:51+00:00","dateModified":"2025-06-13T14:45:23+00:00","breadcrumb":{"@id":"https:\/\/aparra-surfcamp.com\/es\/socios\/#breadcrumb"},"inLanguage":"es","potentialAction":[{"@type":"ReadAction","target":["https:\/\/aparra-surfcamp.com\/es\/socios\/"]}]},{"@type":"ImageObject","inLanguage":"es","@id":"https:\/\/aparra-surfcamp.com\/es\/socios\/#primaryimage","url":"https:\/\/aparra-surfcamp.com\/wp-content\/uploads\/2025\/06\/Logo-ASC-principal-cmjn-fond-transparent@72x.png","contentUrl":"https:\/\/aparra-surfcamp.com\/wp-content\/uploads\/2025\/06\/Logo-ASC-principal-cmjn-fond-transparent@72x.png"},{"@type":"BreadcrumbList","@id":"https:\/\/aparra-surfcamp.com\/es\/socios\/#breadcrumb","itemListElement":[{"@type":"ListItem","position":1,"name":"Surf Camp Pays Basque","item":"https:\/\/aparra-surfcamp.com\/es\/"},{"@type":"ListItem","position":2,"name":"Socios"}]},{"@type":"WebSite","@id":"https:\/\/aparra-surfcamp.com\/#website","url":"https:\/\/aparra-surfcamp.com\/","name":"Aparra Surfcamp","description":"","publisher":{"@id":"https:\/\/aparra-surfcamp.com\/#organization"},"potentialAction":[{"@type":"SearchAction","target":{"@type":"EntryPoint","urlTemplate":"https:\/\/aparra-surfcamp.com\/?s={search_term_string}"},"query-input":{"@type":"PropertyValueSpecification","valueRequired":true,"valueName":"search_term_string"}}],"inLanguage":"es"},{"@type":"Organization","@id":"https:\/\/aparra-surfcamp.com\/#organization","name":"Aparra Surfcamp","url":"https:\/\/aparra-surfcamp.com\/","logo":{"@type":"ImageObject","inLanguage":"es","@id":"https:\/\/aparra-surfcamp.com\/#\/schema\/logo\/image\/","url":"https:\/\/aparra-surfcamp.com\/wp-content\/uploads\/2023\/05\/logo-aparra-surfsamp.webp","contentUrl":"https:\/\/aparra-surfcamp.com\/wp-content\/uploads\/2023\/05\/logo-aparra-surfsamp.webp","width":500,"height":500,"caption":"Aparra Surfcamp"},"image":{"@id":"https:\/\/aparra-surfcamp.com\/#\/schema\/logo\/image\/"}}]}},"_links":{"self":[{"href":"https:\/\/aparra-surfcamp.com\/es\/wp-json\/wp\/v2\/pages\/4538","targetHints":{"allow":["GET"]}}],"collection":[{"href":"https:\/\/aparra-surfcamp.com\/es\/wp-json\/wp\/v2\/pages"}],"about":[{"href":"https:\/\/aparra-surfcamp.com\/es\/wp-json\/wp\/v2\/types\/page"}],"author":[{"embeddable":true,"href":"https:\/\/aparra-surfcamp.com\/es\/wp-json\/wp\/v2\/users\/1"}],"replies":[{"embeddable":true,"href":"https:\/\/aparra-surfcamp.com\/es\/wp-json\/wp\/v2\/comments?post=4538"}],"version-history":[{"count":2,"href":"https:\/\/aparra-surfcamp.com\/es\/wp-json\/wp\/v2\/pages\/4538\/revisions"}],"predecessor-version":[{"id":4542,"href":"https:\/\/aparra-surfcamp.com\/es\/wp-json\/wp\/v2\/pages\/4538\/revisions\/4542"}],"wp:attachment":[{"href":"https:\/\/aparra-surfcamp.com\/es\/wp-json\/wp\/v2\/media?parent=4538"}],"wp:term":[{"taxonomy":"sujet","embeddable":true,"href":"https:\/\/aparra-surfcamp.com\/es\/wp-json\/wp\/v2\/sujet?post=4538"}],"curies":[{"name":"wp","href":"https:\/\/api.w.org\/{rel}","templated":true}]}}