{"id":1863,"date":"2023-05-16T10:38:53","date_gmt":"2023-05-16T08:38:53","guid":{"rendered":"https:\/\/aparra-surfcamp.com\/surfcamp-ecologico-pais-vasco\/"},"modified":"2023-06-14T15:12:35","modified_gmt":"2023-06-14T13:12:35","slug":"surfcamp-ecologico-pais-vasco","status":"publish","type":"page","link":"https:\/\/aparra-surfcamp.com\/es\/surfcamp-ecologico-pais-vasco\/","title":{"rendered":"\u00bfQui\u00e9nes somos?"},"content":{"rendered":"<section id=\"ls-section-block_d2386f5fcbd109b0d9af93d42cde09a0\" class=\"ls-section  page-one deco palm\" >\r\n        <div class=\"container container--wide\">\r\n        \n\n<div class=\"wp-block-columns is-layout-flex wp-container-core-columns-is-layout-9d6595d7 wp-block-columns-is-layout-flex\">\n<div class=\"wp-block-column image is-layout-flow wp-block-column-is-layout-flow\" style=\"flex-basis:60%\">\n<figure class=\"wp-block-image size-full animated fadeIn delay-100ms slow\"><img decoding=\"async\" width=\"1000\" height=\"819\" src=\"https:\/\/aparra-surfcamp.com\/wp-content\/uploads\/2023\/05\/sentier-du-littoral-basque.webp\" alt=\"Senda costera vasca\" class=\"wp-image-801\" srcset=\"https:\/\/aparra-surfcamp.com\/wp-content\/uploads\/2023\/05\/sentier-du-littoral-basque.webp 1000w, https:\/\/aparra-surfcamp.com\/wp-content\/uploads\/2023\/05\/sentier-du-littoral-basque-300x246.webp 300w, https:\/\/aparra-surfcamp.com\/wp-content\/uploads\/2023\/05\/sentier-du-littoral-basque-768x629.webp 768w\" sizes=\"(max-width: 1000px) 100vw, 1000px\" \/><\/figure>\n<\/div>\n\n\n\n<div class=\"wp-block-column text is-layout-flow wp-block-column-is-layout-flow\" style=\"flex-basis:40%\">\n<h1 class=\"ls__heading wp-block-heading has-text-align-left deco\">Nuestro <strong>Eco Surf Camp <\/strong> <br\/><strong>Responsable en<\/strong> el Pa\u00eds Vasco<\/h1>\n\n\n\n<h2 class=\"ls__heading wp-block-heading\">Un concepto raro <strong>en el Pa\u00eds Vasco<\/strong><\/h2>\n\n\n\n<p class=\"ls-paragraph\">Nuestro concepto es raro en el Pa\u00eds Vasco, porque somos uno de los \u00fanicos que ofrece un <strong>albergue al aire libre con un<\/strong> fuerte compromiso con la responsabilidad ecol\u00f3gica.  <\/p>\n\n\n\n<p class=\"ls-paragraph\">Somos un peque\u00f1o equipo que comparte<strong> nuestro amor por el oc\u00e9ano y el Pa\u00eds Vasco<\/strong>.  <\/p>\n\n\n\n<p class=\"ls-paragraph\">Reconocemos la importancia de preservar nuestro medio ambiente y cultura, por lo que trabajamos con socios locales para impulsar la econom\u00eda local.<\/p>\n<\/div>\n<\/div>\n\n\r\n    <\/div>\r\n<\/section><section id=\"ls-section-block_fea64d04f99d0a0e38147b75e5dcd865\" class=\"ls-section  home-ocean has-background has-color-3-background-color has-p-t p-t-14 has-p-b p-b-14\" >\r\n        <div class=\"container container--full\">\r\n        \n\n<div id=\"ls-heading ls-titre-div-block_563ab3920cfb11338daf8b695d63617a\" class=\"ls-titre-div deco icons nature aligncenter h2-like\" >\n    Nuestro compromiso <\/br> <strong>eco-responsable<\/strong><\/div>\n\n\n\n<div class=\"wp-block-columns first is-layout-flex wp-container-core-columns-is-layout-9d6595d7 wp-block-columns-is-layout-flex\">\n<div class=\"wp-block-column is-layout-flow wp-block-column-is-layout-flow\">\n<figure class=\"wp-block-image size-full\"><img decoding=\"async\" width=\"2000\" height=\"972\" src=\"https:\/\/aparra-surfcamp.com\/wp-content\/uploads\/2023\/05\/surfcamp-ecoresponsable-3.webp\" alt=\"Surfcamp eco-responsable\" class=\"wp-image-862\" srcset=\"https:\/\/aparra-surfcamp.com\/wp-content\/uploads\/2023\/05\/surfcamp-ecoresponsable-3.webp 2000w, https:\/\/aparra-surfcamp.com\/wp-content\/uploads\/2023\/05\/surfcamp-ecoresponsable-3-300x146.webp 300w, https:\/\/aparra-surfcamp.com\/wp-content\/uploads\/2023\/05\/surfcamp-ecoresponsable-3-1024x498.webp 1024w, https:\/\/aparra-surfcamp.com\/wp-content\/uploads\/2023\/05\/surfcamp-ecoresponsable-3-768x373.webp 768w, https:\/\/aparra-surfcamp.com\/wp-content\/uploads\/2023\/05\/surfcamp-ecoresponsable-3-1536x746.webp 1536w\" sizes=\"(max-width: 2000px) 100vw, 2000px\" \/><\/figure>\n<\/div>\n<\/div>\n\n\n\n<div class=\"wp-block-columns second is-layout-flex wp-container-core-columns-is-layout-9d6595d7 wp-block-columns-is-layout-flex\">\n<div class=\"wp-block-column is-layout-flow wp-block-column-is-layout-flow\"><\/div>\n\n\n\n<div class=\"wp-block-column has-color-white-background-color has-background is-layout-flow wp-block-column-is-layout-flow\">\n<h2 class=\"ls__heading wp-block-heading\"><strong>El enfoque eco-responsable<\/strong> del surfcamp<\/h2>\n\n\n\n<p class=\"ls-paragraph\">Estamos orgullosos de participar en <strong>un enfoque de turismo eco-responsable<\/strong> que tiene plenamente en cuenta nuestro impacto ambiental a trav\u00e9s de nuestro alojamiento reciclado y nuestros equipos que se encuentran en los mercados de pulgas.  <\/p>\n\n\n\n<p class=\"ls-paragraph\">Hemos elegido cuidadosamente la decoraci\u00f3n y distribuci\u00f3n de nuestras zonas comunes (sof\u00e1s, mesas, sillas, alfombras, etc.) utilizando <strong>de segunda mano las cercan\u00edas<\/strong>.  <\/p>\n\n\n\n<p class=\"ls-paragraph\">\u00a1No dudes en compartir tus ideas con nosotros!<\/p>\n<\/div>\n<\/div>\n\n\r\n    <\/div>\r\n<\/section><section id=\"ls-section-block_b82f90d7873c6261c24a2075ea0568a8\" class=\"ls-section  page-two deco left wave-02 has-p-t p-t-14 has-p-b p-b-14\" >\r\n        <div class=\"container container--full\">\r\n        \n\n<div class=\"wp-block-columns is-layout-flex wp-container-core-columns-is-layout-9d6595d7 wp-block-columns-is-layout-flex\">\n<div class=\"wp-block-column is-vertically-aligned-center text has-color-3-background-color has-background is-layout-flow wp-block-column-is-layout-flow\">\n<h2 class=\"ls__heading wp-block-heading\">Nuestra <strong>mentalidad y valores<\/strong><\/h2>\n\n\n\n<p class=\"ls-paragraph\"><a href=\"https:\/\/aparra-surfcamp.com\/es\/\">Aparra Surfcamp encarna<\/a> un estado de \u00e1nimo c\u00e1lido, convivencia, transparencia, honestidad y respeto con el medio ambiente.  <\/p>\n\n\n\n<p class=\"ls-paragraph\">Quer\u00edamos crear una experiencia, basada en nuestros valores, <strong>compuesta por 4 pilares<\/strong> :  <\/p>\n\n\n\n<ul class=\"ls-list wp-block-list\">\n<li><strong>alojamiento at\u00edpico eco-responsable<\/strong>, <\/li>\n\n\n\n<li><strong>relaciones humanas benevolentes<\/strong> basadas en el compartir y la ayuda mutua, <\/li>\n\n\n\n<li>el descubrimiento de la <strong>cultura vasca y de<\/strong> los productores locales,<\/li>\n\n\n\n<li>la <strong>pr\u00e1ctica del surf preservando<\/strong> el oc\u00e9ano.<\/li>\n<\/ul>\n<\/div>\n\n\n\n<div class=\"wp-block-column image is-layout-flow wp-block-column-is-layout-flow\">\n<figure class=\"wp-block-image size-full animated fadeInUp delay-100ms slow\"><a href=\"https:\/\/aparra-surfcamp.com\/wp-content\/uploads\/2023\/05\/yvanna.webp\"><img decoding=\"async\" width=\"1000\" height=\"750\" src=\"https:\/\/aparra-surfcamp.com\/wp-content\/uploads\/2023\/05\/yvanna.webp\" alt=\"Yvanna\" class=\"wp-image-833\" srcset=\"https:\/\/aparra-surfcamp.com\/wp-content\/uploads\/2023\/05\/yvanna.webp 1000w, https:\/\/aparra-surfcamp.com\/wp-content\/uploads\/2023\/05\/yvanna-300x225.webp 300w, https:\/\/aparra-surfcamp.com\/wp-content\/uploads\/2023\/05\/yvanna-768x576.webp 768w\" sizes=\"(max-width: 1000px) 100vw, 1000px\" \/><\/a><\/figure>\n<\/div>\n\n\n\n<div class=\"wp-block-column image is-layout-flow wp-block-column-is-layout-flow\">\n<figure class=\"wp-block-image size-large animated fadeInUp delay-500ms slow\"><a href=\"https:\/\/aparra-surfcamp.com\/wp-content\/uploads\/2023\/05\/vacances-surfcamp-biarritz.webp\"><img decoding=\"async\" width=\"768\" height=\"1024\" src=\"https:\/\/aparra-surfcamp.com\/wp-content\/uploads\/2023\/05\/vacances-surfcamp-biarritz-768x1024.webp\" alt=\"Vacaciones Surfcamp Biarritz\" class=\"wp-image-847\" srcset=\"https:\/\/aparra-surfcamp.com\/wp-content\/uploads\/2023\/05\/vacances-surfcamp-biarritz-768x1024.webp 768w, https:\/\/aparra-surfcamp.com\/wp-content\/uploads\/2023\/05\/vacances-surfcamp-biarritz-225x300.webp 225w, https:\/\/aparra-surfcamp.com\/wp-content\/uploads\/2023\/05\/vacances-surfcamp-biarritz.webp 1000w\" sizes=\"(max-width: 768px) 100vw, 768px\" \/><\/a><\/figure>\n<\/div>\n<\/div>\n\n\r\n    <\/div>\r\n<\/section><section id=\"ls-section-block_b0d642ee5f529ba5df5f3357ac04f80e\" class=\"ls-section  home-avis has-background-image has-background has-color-black-background-color has-p-t p-t-14 has-p-b p-b-14\" >\r\n    <div class=\"ls-section__background-image opacity-80\"><img decoding=\"async\" src=\"https:\/\/aparra-surfcamp.com\/wp-content\/uploads\/2023\/05\/aparra-surfcamp-pays-basque.webp\" alt=\"Aparra Surfcamp Pa\u00eds Vasco\"><\/div>    <div class=\"container container--wide\">\r\n        \n\n<h2 class=\"ls__heading wp-block-heading has-text-align-center white\"><strong>Conoce al equipo de Aparra<\/strong> Surf Camp<\/h2>\n\n\n<div class=\"avis-container-pages\"><div class=\"avis\"><div class=\"avis-user\"><img decoding=\"async\" class=\"avis-image\" src=\"\/wp-content\/uploads\/2023\/05\/client.jpg\" alt=\"Avis camping L'Abri-c\u00f4tier\" \/><div class=\"avis-content\"><p><span style=\"font-weight: 400;\">\u00abOriginario del Pa\u00eds Vasco, quer\u00eda crear un lugar amigable para conocer y compartir ofreciendo alojamiento reciclado. \u00a1Ofrecer caravanas de los a\u00f1os 70 era obvio! Me encanta jugar para restaurarlos. \u00bb  <\/span><\/p>\n<\/div><div class=\"avis-name\">Yvanna, creadora del surfcamp.<\/div><\/div><\/div><div class=\"avis\"><div class=\"avis-user\"><img decoding=\"async\" class=\"avis-image\" src=\"\/wp-content\/uploads\/2023\/05\/client.jpg\" alt=\"Avis camping L'Abri-c\u00f4tier\" \/><div class=\"avis-content\"><p><span style=\"font-weight: 400;\">\u00abDespu\u00e9s de mis diversos viajes alrededor del mundo y mis experiencias profesionales, \u00a1quer\u00eda reproducir en estos surfcamps una parte de m\u00ed mismo! Mi \u00fanico objetivo es hacer felices a los viajeros&#8230;\u00bb<\/span><\/p>\n<\/div><div class=\"avis-name\">Karim, creador del surfcamp<\/div><\/div><\/div><\/div>\n\n\r\n    <\/div>\r\n<\/section><section id=\"ls-section-block_55a9b2223eb194290c4b6356b732a04b\" class=\"ls-section  page-maillage deco surf has-p-t p-t-14 has-p-b p-b-14\" >\r\n        <div class=\"container container--wide\">\r\n        \n\n<div id=\"ls-heading ls-titre-div-block_1767595511517d5119edaf2424538ab7\" class=\"ls-titre-div h2-like has-m-b m-b-8\" >\n    Descubre nuestros destinos y alojamientos <\/br><strong>en el Pa\u00eds Vasco<\/strong> <\/div>\n\n\n<div id=\"ls-maillage-block_6f037b38963cc4a06b1de5df2728233e\" class=\"ls-maillage cta-style-normal\" data-rows=\"3\">\r\n    <div class=\"wp-block-columns\"><div class=\"wp-block-column\">\n\n<a href=\"https:\/\/aparra-surfcamp.com\/es\/alquiler-atipico-pais-vasco\/\" target=\"\" rel=\"noopener\" class=\"ls-cta__link\">\n\n\t<div class=\"ls-cta__image\"><img decoding=\"async\" src=\"https:\/\/aparra-surfcamp.com\/wp-content\/uploads\/2023\/05\/location-caravane-hendaye-768x576.webp\" alt=\"Alquiler caravanas Hendaya\"><\/div>\n\t<div class=\"ls-cta__title\">\n\t\tNuestros <\/br><strong>Alojamientos<\/strong>\t<\/div>\n\n\t\t\n<\/a><\/div><div class=\"wp-block-column\">\n\n<a href=\"https:\/\/aparra-surfcamp.com\/es\/surfcamp-hendaya\/\" target=\"\" rel=\"noopener\" class=\"ls-cta__link\">\n\n\t<div class=\"ls-cta__image\"><img decoding=\"async\" src=\"https:\/\/aparra-surfcamp.com\/wp-content\/uploads\/2023\/05\/surfcamp-hendaye-768x960.webp\" alt=\"Surfcamp Hendaya\"><\/div>\n\t<div class=\"ls-cta__title\">\n\t\tSurfcamp <br><strong>Hendaye<\/strong>\t<\/div>\n\n\t\t\n<\/a><\/div><div class=\"wp-block-column\">\n\n<a href=\"https:\/\/aparra-surfcamp.com\/es\/surfcamp-saint-jean-de-luz\/\" target=\"\" rel=\"noopener\" class=\"ls-cta__link\">\n\n\t<div class=\"ls-cta__image\"><img decoding=\"async\" src=\"https:\/\/aparra-surfcamp.com\/wp-content\/uploads\/2023\/05\/surfcamp-saint-jean-de-luz-2-768x949.webp\" alt=\"Surfcamp Saint Jean de Luz\"><\/div>\n\t<div class=\"ls-cta__title\">\n\t\tSurfcamp <\/br><strong>Saint-Jean-de-Luz<\/strong>\t<\/div>\n\n\t\t\n<\/a><\/div><\/div><\/div>\n\r\n    <\/div>\r\n<\/section>","protected":false},"excerpt":{"rendered":"","protected":false},"author":1,"featured_media":1689,"parent":0,"menu_order":0,"comment_status":"closed","ping_status":"closed","template":"","meta":{"_acf_changed":false,"inline_featured_image":false,"footnotes":""},"sujet":[],"class_list":["post-1863","page","type-page","status-publish","has-post-thumbnail","hentry"],"acf":[],"yoast_head":"<!-- This site is optimized with the Yoast SEO plugin v25.3 - https:\/\/yoast.com\/wordpress\/plugins\/seo\/ -->\n<title>Surfcamp Ecol\u00f3gico Pa\u00eds Vasco | Surfcamp ecol\u00f3gico vasco<\/title>\n<meta name=\"robots\" content=\"index, follow, max-snippet:-1, max-image-preview:large, max-video-preview:-1\" \/>\n<link rel=\"canonical\" href=\"https:\/\/aparra-surfcamp.com\/es\/surfcamp-ecologico-pais-vasco\/\" \/>\n<meta property=\"og:locale\" content=\"es_ES\" \/>\n<meta property=\"og:type\" content=\"article\" \/>\n<meta property=\"og:title\" content=\"Surfcamp Ecol\u00f3gico Pa\u00eds Vasco | Surfcamp ecol\u00f3gico vasco\" \/>\n<meta property=\"og:url\" content=\"https:\/\/aparra-surfcamp.com\/es\/surfcamp-ecologico-pais-vasco\/\" \/>\n<meta property=\"og:site_name\" content=\"Aparra Surfcamp\" \/>\n<meta property=\"article:modified_time\" content=\"2023-06-14T13:12:35+00:00\" \/>\n<meta property=\"og:image\" content=\"https:\/\/aparra-surfcamp.com\/wp-content\/uploads\/2023\/05\/presentation-aparra-surfcamp.webp\" \/>\n\t<meta property=\"og:image:width\" content=\"2000\" \/>\n\t<meta property=\"og:image:height\" content=\"1500\" \/>\n\t<meta property=\"og:image:type\" content=\"image\/webp\" \/>\n<meta name=\"twitter:card\" content=\"summary_large_image\" \/>\n<meta name=\"twitter:label1\" content=\"Tiempo de lectura\" \/>\n\t<meta name=\"twitter:data1\" content=\"1 minuto\" \/>\n<script type=\"application\/ld+json\" class=\"yoast-schema-graph\">{\"@context\":\"https:\/\/schema.org\",\"@graph\":[{\"@type\":\"WebPage\",\"@id\":\"https:\/\/aparra-surfcamp.com\/es\/surfcamp-ecologico-pais-vasco\/\",\"url\":\"https:\/\/aparra-surfcamp.com\/es\/surfcamp-ecologico-pais-vasco\/\",\"name\":\"Surfcamp Ecol\u00f3gico Pa\u00eds Vasco | Surfcamp ecol\u00f3gico vasco\",\"isPartOf\":{\"@id\":\"https:\/\/aparra-surfcamp.com\/#website\"},\"primaryImageOfPage\":{\"@id\":\"https:\/\/aparra-surfcamp.com\/es\/surfcamp-ecologico-pais-vasco\/#primaryimage\"},\"image\":{\"@id\":\"https:\/\/aparra-surfcamp.com\/es\/surfcamp-ecologico-pais-vasco\/#primaryimage\"},\"thumbnailUrl\":\"https:\/\/aparra-surfcamp.com\/wp-content\/uploads\/2023\/05\/presentation-aparra-surfcamp.webp\",\"datePublished\":\"2023-05-16T08:38:53+00:00\",\"dateModified\":\"2023-06-14T13:12:35+00:00\",\"breadcrumb\":{\"@id\":\"https:\/\/aparra-surfcamp.com\/es\/surfcamp-ecologico-pais-vasco\/#breadcrumb\"},\"inLanguage\":\"es\",\"potentialAction\":[{\"@type\":\"ReadAction\",\"target\":[\"https:\/\/aparra-surfcamp.com\/es\/surfcamp-ecologico-pais-vasco\/\"]}]},{\"@type\":\"ImageObject\",\"inLanguage\":\"es\",\"@id\":\"https:\/\/aparra-surfcamp.com\/es\/surfcamp-ecologico-pais-vasco\/#primaryimage\",\"url\":\"https:\/\/aparra-surfcamp.com\/wp-content\/uploads\/2023\/05\/presentation-aparra-surfcamp.webp\",\"contentUrl\":\"https:\/\/aparra-surfcamp.com\/wp-content\/uploads\/2023\/05\/presentation-aparra-surfcamp.webp\",\"width\":2000,\"height\":1500,\"caption\":\"Presentaci\u00f3n Aparra Surfcamp\"},{\"@type\":\"BreadcrumbList\",\"@id\":\"https:\/\/aparra-surfcamp.com\/es\/surfcamp-ecologico-pais-vasco\/#breadcrumb\",\"itemListElement\":[{\"@type\":\"ListItem\",\"position\":1,\"name\":\"Surf Camp Pays Basque\",\"item\":\"https:\/\/aparra-surfcamp.com\/es\/\"},{\"@type\":\"ListItem\",\"position\":2,\"name\":\"Surfcamp ecol\u00f3gico Costa Vasca\"}]},{\"@type\":\"WebSite\",\"@id\":\"https:\/\/aparra-surfcamp.com\/#website\",\"url\":\"https:\/\/aparra-surfcamp.com\/\",\"name\":\"Aparra Surfcamp\",\"description\":\"\",\"publisher\":{\"@id\":\"https:\/\/aparra-surfcamp.com\/#organization\"},\"potentialAction\":[{\"@type\":\"SearchAction\",\"target\":{\"@type\":\"EntryPoint\",\"urlTemplate\":\"https:\/\/aparra-surfcamp.com\/?s={search_term_string}\"},\"query-input\":{\"@type\":\"PropertyValueSpecification\",\"valueRequired\":true,\"valueName\":\"search_term_string\"}}],\"inLanguage\":\"es\"},{\"@type\":\"Organization\",\"@id\":\"https:\/\/aparra-surfcamp.com\/#organization\",\"name\":\"Aparra Surfcamp\",\"url\":\"https:\/\/aparra-surfcamp.com\/\",\"logo\":{\"@type\":\"ImageObject\",\"inLanguage\":\"es\",\"@id\":\"https:\/\/aparra-surfcamp.com\/#\/schema\/logo\/image\/\",\"url\":\"https:\/\/aparra-surfcamp.com\/wp-content\/uploads\/2023\/05\/logo-aparra-surfsamp.webp\",\"contentUrl\":\"https:\/\/aparra-surfcamp.com\/wp-content\/uploads\/2023\/05\/logo-aparra-surfsamp.webp\",\"width\":500,\"height\":500,\"caption\":\"Aparra Surfcamp\"},\"image\":{\"@id\":\"https:\/\/aparra-surfcamp.com\/#\/schema\/logo\/image\/\"}}]}<\/script>\n<!-- \/ Yoast SEO plugin. -->","yoast_head_json":{"title":"Surfcamp Ecol\u00f3gico Pa\u00eds Vasco | Surfcamp ecol\u00f3gico vasco","robots":{"index":"index","follow":"follow","max-snippet":"max-snippet:-1","max-image-preview":"max-image-preview:large","max-video-preview":"max-video-preview:-1"},"canonical":"https:\/\/aparra-surfcamp.com\/es\/surfcamp-ecologico-pais-vasco\/","og_locale":"es_ES","og_type":"article","og_title":"Surfcamp Ecol\u00f3gico Pa\u00eds Vasco | Surfcamp ecol\u00f3gico vasco","og_url":"https:\/\/aparra-surfcamp.com\/es\/surfcamp-ecologico-pais-vasco\/","og_site_name":"Aparra Surfcamp","article_modified_time":"2023-06-14T13:12:35+00:00","og_image":[{"width":2000,"height":1500,"url":"https:\/\/aparra-surfcamp.com\/wp-content\/uploads\/2023\/05\/presentation-aparra-surfcamp.webp","type":"image\/webp"}],"twitter_card":"summary_large_image","twitter_misc":{"Tiempo de lectura":"1 minuto"},"schema":{"@context":"https:\/\/schema.org","@graph":[{"@type":"WebPage","@id":"https:\/\/aparra-surfcamp.com\/es\/surfcamp-ecologico-pais-vasco\/","url":"https:\/\/aparra-surfcamp.com\/es\/surfcamp-ecologico-pais-vasco\/","name":"Surfcamp Ecol\u00f3gico Pa\u00eds Vasco | Surfcamp ecol\u00f3gico vasco","isPartOf":{"@id":"https:\/\/aparra-surfcamp.com\/#website"},"primaryImageOfPage":{"@id":"https:\/\/aparra-surfcamp.com\/es\/surfcamp-ecologico-pais-vasco\/#primaryimage"},"image":{"@id":"https:\/\/aparra-surfcamp.com\/es\/surfcamp-ecologico-pais-vasco\/#primaryimage"},"thumbnailUrl":"https:\/\/aparra-surfcamp.com\/wp-content\/uploads\/2023\/05\/presentation-aparra-surfcamp.webp","datePublished":"2023-05-16T08:38:53+00:00","dateModified":"2023-06-14T13:12:35+00:00","breadcrumb":{"@id":"https:\/\/aparra-surfcamp.com\/es\/surfcamp-ecologico-pais-vasco\/#breadcrumb"},"inLanguage":"es","potentialAction":[{"@type":"ReadAction","target":["https:\/\/aparra-surfcamp.com\/es\/surfcamp-ecologico-pais-vasco\/"]}]},{"@type":"ImageObject","inLanguage":"es","@id":"https:\/\/aparra-surfcamp.com\/es\/surfcamp-ecologico-pais-vasco\/#primaryimage","url":"https:\/\/aparra-surfcamp.com\/wp-content\/uploads\/2023\/05\/presentation-aparra-surfcamp.webp","contentUrl":"https:\/\/aparra-surfcamp.com\/wp-content\/uploads\/2023\/05\/presentation-aparra-surfcamp.webp","width":2000,"height":1500,"caption":"Presentaci\u00f3n Aparra Surfcamp"},{"@type":"BreadcrumbList","@id":"https:\/\/aparra-surfcamp.com\/es\/surfcamp-ecologico-pais-vasco\/#breadcrumb","itemListElement":[{"@type":"ListItem","position":1,"name":"Surf Camp Pays Basque","item":"https:\/\/aparra-surfcamp.com\/es\/"},{"@type":"ListItem","position":2,"name":"Surfcamp ecol\u00f3gico Costa Vasca"}]},{"@type":"WebSite","@id":"https:\/\/aparra-surfcamp.com\/#website","url":"https:\/\/aparra-surfcamp.com\/","name":"Aparra Surfcamp","description":"","publisher":{"@id":"https:\/\/aparra-surfcamp.com\/#organization"},"potentialAction":[{"@type":"SearchAction","target":{"@type":"EntryPoint","urlTemplate":"https:\/\/aparra-surfcamp.com\/?s={search_term_string}"},"query-input":{"@type":"PropertyValueSpecification","valueRequired":true,"valueName":"search_term_string"}}],"inLanguage":"es"},{"@type":"Organization","@id":"https:\/\/aparra-surfcamp.com\/#organization","name":"Aparra Surfcamp","url":"https:\/\/aparra-surfcamp.com\/","logo":{"@type":"ImageObject","inLanguage":"es","@id":"https:\/\/aparra-surfcamp.com\/#\/schema\/logo\/image\/","url":"https:\/\/aparra-surfcamp.com\/wp-content\/uploads\/2023\/05\/logo-aparra-surfsamp.webp","contentUrl":"https:\/\/aparra-surfcamp.com\/wp-content\/uploads\/2023\/05\/logo-aparra-surfsamp.webp","width":500,"height":500,"caption":"Aparra Surfcamp"},"image":{"@id":"https:\/\/aparra-surfcamp.com\/#\/schema\/logo\/image\/"}}]}},"_links":{"self":[{"href":"https:\/\/aparra-surfcamp.com\/es\/wp-json\/wp\/v2\/pages\/1863","targetHints":{"allow":["GET"]}}],"collection":[{"href":"https:\/\/aparra-surfcamp.com\/es\/wp-json\/wp\/v2\/pages"}],"about":[{"href":"https:\/\/aparra-surfcamp.com\/es\/wp-json\/wp\/v2\/types\/page"}],"author":[{"embeddable":true,"href":"https:\/\/aparra-surfcamp.com\/es\/wp-json\/wp\/v2\/users\/1"}],"replies":[{"embeddable":true,"href":"https:\/\/aparra-surfcamp.com\/es\/wp-json\/wp\/v2\/comments?post=1863"}],"version-history":[{"count":2,"href":"https:\/\/aparra-surfcamp.com\/es\/wp-json\/wp\/v2\/pages\/1863\/revisions"}],"predecessor-version":[{"id":1957,"href":"https:\/\/aparra-surfcamp.com\/es\/wp-json\/wp\/v2\/pages\/1863\/revisions\/1957"}],"wp:featuredmedia":[{"embeddable":true,"href":"https:\/\/aparra-surfcamp.com\/es\/wp-json\/wp\/v2\/media\/1689"}],"wp:attachment":[{"href":"https:\/\/aparra-surfcamp.com\/es\/wp-json\/wp\/v2\/media?parent=1863"}],"wp:term":[{"taxonomy":"sujet","embeddable":true,"href":"https:\/\/aparra-surfcamp.com\/es\/wp-json\/wp\/v2\/sujet?post=1863"}],"curies":[{"name":"wp","href":"https:\/\/api.w.org\/{rel}","templated":true}]}}