{"id":1855,"date":"2023-05-16T09:04:38","date_gmt":"2023-05-16T07:04:38","guid":{"rendered":"https:\/\/aparra-surfcamp.com\/politica-de-privacidad\/"},"modified":"2023-06-15T11:48:39","modified_gmt":"2023-06-15T09:48:39","slug":"politica-de-privacidad","status":"publish","type":"page","link":"https:\/\/aparra-surfcamp.com\/es\/politica-de-privacidad\/","title":{"rendered":"Pol\u00edtica de privacidad"},"content":{"rendered":"<section id=\"ls-section-block_431f654a9498765698e0bb9dd5250876\" class=\"ls-section  page-titre\" >\r\n        <div class=\"container container--wide\">\r\n        \n\n<h1 class=\"ls__heading wp-block-heading has-text-align-center feuille-deco\">POL\u00cdTICA DE PRIVACIDAD<\/h1>\n\n\n\n<p class=\"ls-paragraph\">Esta pol\u00edtica de privacidad describe los datos personales que se recopilan o generan (procesan) cuando utiliza el sitio web. Esta Pol\u00edtica de privacidad describe los tipos de datos personales recopilados cuando utiliza nuestro sitio y c\u00f3mo se utilizan, comparten y protegen sus datos personales. Tambi\u00e9n explica las opciones que tiene con respecto a sus datos personales y c\u00f3mo contactarnos.<\/p>\n\n\n\n<h2 class=\"ls__heading wp-block-heading\">Tabla de contenidos<\/h2>\n\n\n\n<ul class=\"ls-list wp-block-list\">\n<li><a href=\"https:\/\/aparra-surfcamp.com\/es\/politica-de-privacidad\/#gdpr-1\">\u00bfQui\u00e9nes somos?<\/a><\/li>\n\n\n\n<li><a href=\"https:\/\/aparra-surfcamp.com\/es\/politica-de-privacidad\/#gdpr-2\">Uso de los datos personales recopilados<\/a><\/li>\n\n\n\n<li><a href=\"https:\/\/aparra-surfcamp.com\/es\/politica-de-privacidad\/#gdpr-3\">Retroalimentaci\u00f3n<\/a><\/li>\n\n\n\n<li><a href=\"https:\/\/aparra-surfcamp.com\/es\/politica-de-privacidad\/#gdpr-4\">Medio<\/a><\/li>\n\n\n\n<li><a href=\"https:\/\/aparra-surfcamp.com\/es\/politica-de-privacidad\/#gdpr-5\">Formularios de contacto<\/a><\/li>\n\n\n\n<li><a href=\"https:\/\/aparra-surfcamp.com\/es\/politica-de-privacidad\/#gdpr-6\">Uso de cookies<\/a><\/li>\n\n\n\n<li><a href=\"https:\/\/aparra-surfcamp.com\/es\/politica-de-privacidad\/#gdpr-7\">Estad\u00edsticas y mediciones de audiencia<\/a><\/li>\n\n\n\n<li><a href=\"https:\/\/aparra-surfcamp.com\/es\/politica-de-privacidad\/#gdpr-8\">Cu\u00e1nto tiempo almacenamos sus datos<\/a><\/li>\n\n\n\n<li><a href=\"https:\/\/aparra-surfcamp.com\/es\/politica-de-privacidad\/#gdpr-9\">Los derechos que tienes sobre tus datos<\/a><\/li>\n\n\n\n<li><a href=\"https:\/\/aparra-surfcamp.com\/es\/politica-de-privacidad\/#gdpr-10\">Transmisi\u00f3n de sus datos personales<\/a><\/li>\n\n\n\n<li><a href=\"https:\/\/aparra-surfcamp.com\/es\/politica-de-privacidad\/#gdpr-11\">C\u00f3mo protegemos sus datos<\/a><\/li>\n\n\n\n<li><a href=\"https:\/\/aparra-surfcamp.com\/es\/politica-de-privacidad\/#gdpr-12\">Informaci\u00f3n de contacto<\/a><\/li>\n<\/ul>\n\n\n\n<h2 class=\"ls__heading wp-block-heading\" id=\"gdpr-1\">\u00bfQui\u00e9nes somos?<\/h2>\n\n\n\n<p class=\"ls-paragraph\">Descubre toda nuestra informaci\u00f3n en la p\u00e1gina de <a href=\"https:\/\/aparra-surfcamp.com\/es\/aviso-legal\/\">aviso legal<\/a>.<\/p>\n\n\n\n<h2 class=\"ls__heading wp-block-heading\" id=\"gdpr-2\">Uso de los datos personales recopilados<\/h2>\n\n\n\n<p class=\"ls-paragraph\">No recopilamos autom\u00e1tica y directamente ning\u00fan dato sobre usted.<\/p>\n\n\n\n<p class=\"ls-paragraph\">A pesar de que podemos recopilar informaci\u00f3n, incluida informaci\u00f3n personal de terceros (consulte <a href=\"https:\/\/aparra-surfcamp.com\/es\/politica-de-privacidad\/#gdpr-5\">la secci\u00f3n Cookies<\/a>).<\/p>\n\n\n\n<h2 class=\"ls__heading wp-block-heading\" id=\"gdpr-3\">Retroalimentaci\u00f3n<\/h2>\n\n\n\n<p class=\"ls-paragraph\">Cuando deja un comentario en nuestro sitio web, los datos introducidos en el formulario de comentarios, pero tambi\u00e9n su direcci\u00f3n IP y el agente de usuario de su navegador se recopilan para ayudarnos a detectar comentarios no deseados.<\/p>\n\n\n\n<p class=\"ls-paragraph\">Una cadena an\u00f3nima creada a partir de su direcci\u00f3n de correo electr\u00f3nico (tambi\u00e9n conocida como hash) se puede enviar al servicio Gravatar para verificar si la est\u00e1 utilizando. Las cl\u00e1usulas de privacidad del servicio Gravatar est\u00e1n disponibles https:\/\/automattic.com\/privacy\/. Despu\u00e9s de la validaci\u00f3n de su comentario, su foto de perfil ser\u00e1 visible p\u00fablicamente junto a su comentario.<\/p>\n\n\n\n<h2 class=\"ls__heading wp-block-heading\" id=\"gdpr-4\">Medio<\/h2>\n\n\n\n<p class=\"ls-paragraph\">Si eres un usuario registrado y subes im\u00e1genes al sitio web, te aconsejamos que evites subir im\u00e1genes que contengan datos EXIF de coordenadas GPS. Los visitantes de su sitio web pueden descargar y extraer datos de ubicaci\u00f3n de estas im\u00e1genes.<\/p>\n\n\n\n<h2 class=\"ls__heading wp-block-heading\" id=\"gdpr-5\">Formularios de contacto<\/h2>\n\n\n\n<p class=\"ls-paragraph\">Puede optar por proporcionarnos informaci\u00f3n cuando complete un formulario, se nos enviar\u00e1 por correo electr\u00f3nico y no se guardar\u00e1 en otro lugar que no sea en nuestro servicio de mensajer\u00eda, esta informaci\u00f3n se utilizar\u00e1 con el \u00fanico prop\u00f3sito de responder a su solicitud. Si es probable que la informaci\u00f3n se utilice con fines comerciales, una menci\u00f3n lo indicar\u00e1 al final del formulario. Siempre le pediremos su consentimiento cuando recopilemos informaci\u00f3n a trav\u00e9s de un formulario.<\/p>\n\n\n\n<h2 class=\"ls__heading wp-block-heading\" id=\"gdpr-6\">Uso de cookies<\/h2>\n\n\n\n<p class=\"ls-paragraph\"><strong>\u00bfQu\u00e9 es una cookie?<\/strong><br\/>Una cookie es un peque\u00f1o archivo de datos que se transfiere y almacena en su dispositivo. En t\u00e9rminos concretos, una cookie nos permite, por ejemplo, reconocer su navegador, su idioma o almacenar sus preferencias.<br\/>En nuestro sitio se utilizan dos tipos de cookies: \u00abcookies de sesi\u00f3n\u00bb y \u00abcookies persistentes\u00bb. Las cookies de sesi\u00f3n expiran cuando cierra su navegador, mientras que las cookies persistentes permanecen en su dispositivo una vez que se cierra su navegador y se pueden usar nuevamente en su pr\u00f3xima visita a nuestro sitio.<\/p>\n\n\n\n<p class=\"ls-paragraph\">M\u00e1s informaci\u00f3n sobre <a href=\"https:\/\/allaboutcookies.org\/fr\" target=\"_blank\" rel=\"noreferrer noopener\">allaboutcookies.org<\/a>.<\/p>\n\n\n\n<p class=\"ls-paragraph\"><strong>Nuestras cookies<\/strong><\/p>\n\n\n\n<p class=\"ls-paragraph\">Si deja un comentario en nuestro sitio, se le ofrecer\u00e1 guardar su nombre, direcci\u00f3n de correo electr\u00f3nico y sitio web en cookies. Esto es solo para su conveniencia para que no tenga que ingresar esta informaci\u00f3n si deja caer otro comentario m\u00e1s tarde. Estas cookies caducan despu\u00e9s de un a\u00f1o.<\/p>\n\n\n\n<p class=\"ls-paragraph\">Si tiene una cuenta e inicia sesi\u00f3n en este sitio, se crear\u00e1 una cookie temporal para determinar si su navegador acepta cookies. No contiene ning\u00fan dato personal y se eliminar\u00e1 autom\u00e1ticamente cuando cierre su navegador.<\/p>\n\n\n\n<p class=\"ls-paragraph\">Cuando inicie sesi\u00f3n, estableceremos una serie de cookies para guardar sus datos de inicio de sesi\u00f3n y preferencias de pantalla. La vida \u00fatil de una cookie de inicio de sesi\u00f3n es de dos d\u00edas, la de una cookie de opci\u00f3n de pantalla es de un a\u00f1o. Si marca \u00abRecordarme\u00bb, su cookie de inicio de sesi\u00f3n se almacenar\u00e1 durante dos semanas. Si cierra sesi\u00f3n en su cuenta, se eliminar\u00e1 la cookie de inicio de sesi\u00f3n.<\/p>\n\n\n\n<p class=\"ls-paragraph\">Al editar o publicar un art\u00edculo, se guardar\u00e1 una cookie adicional en su navegador. Esta cookie no incluye ning\u00fan dato personal. Simplemente muestra el ID del art\u00edculo que acaba de editar. Caduca despu\u00e9s de un d\u00eda.<\/p>\n\n\n\n<p class=\"ls-paragraph\"><strong>Cookies de terceros<\/strong><\/p>\n\n\n\n<p class=\"ls-paragraph\">Los art\u00edculos en este sitio pueden incluir contenido incrustado (por ejemplo, videos, im\u00e1genes, art\u00edculos&#8230;). El contenido incrustado de otros sitios se comporta de la misma manera que si el visitante estuviera visitando ese otro sitio.<\/p>\n\n\n\n<p class=\"ls-paragraph\">Estos sitios web podr\u00edan recopilar datos sobre usted, usar cookies, incrustar herramientas de seguimiento de terceros, rastrear sus interacciones con este contenido incrustado si tiene una cuenta conectada en su sitio web.<\/p>\n\n\n\n<p class=\"ls-paragraph\">Podemos permitir que ciertos socios comerciales instalen tecnolog\u00edas en nuestro sitio. Estos socios utilizan estas tecnolog\u00edas para ayudarnos a analizar c\u00f3mo utiliza el Sitio, como se\u00f1alar los servicios de terceros a trav\u00e9s de los cuales ha llegado a la Plataforma, comercializar y promocionar nuestros servicios en nuestro Sitio y en sitios web de terceros, ayudarnos a detectar y prevenir el fraude o realizar evaluaciones de riesgos,  o recopilar informaci\u00f3n sobre sus actividades en el sitio web.<\/p>\n\n\n\n<p class=\"ls-paragraph\">Nuestro sitio web puede utilizar complementos sociales proporcionados y operados por compa\u00f1\u00edas de terceros, como el bot\u00f3n \u00abMe gusta\u00bb de Facebook. Como resultado, puede enviar al tercero la informaci\u00f3n que ve en una secci\u00f3n particular de nuestro sitio. Si no ha iniciado sesi\u00f3n en su cuenta con el tercero, el tercero no podr\u00e1 conocer su identidad. Si ha iniciado sesi\u00f3n en su cuenta con el tercero, entonces el tercero puede vincular informaci\u00f3n o acciones relacionadas con sus interacciones con nuestro sitio a su cuenta con el tercero. Revise las pol\u00edticas de privacidad del tercero para obtener m\u00e1s informaci\u00f3n sobre sus pr\u00e1cticas de datos.<\/p>\n\n\n\n<p class=\"ls-paragraph\">La lista de cookies de terceros utilizadas en este sitio web est\u00e1 disponible en el <a href=\"#moove_gdpr_cookie_modal\">panel de gesti\u00f3n de cookies<\/a>.<\/p>\n\n\n\n<h2 class=\"ls__heading wp-block-heading\" id=\"gdpr-7\">Estad\u00edsticas y mediciones de audiencia<\/h2>\n\n\n\n<p class=\"ls-paragraph\">En t\u00e9rminos de an\u00e1lisis trabajamos con Google Analytics para obtener informaci\u00f3n sobre el uso de nuestro sitio web con el fin de mejorarlo. Este \u00faltimo se puede desactivar desde el <a href=\"#moove_gdpr_cookie_modal\">panel de gesti\u00f3n de cookies<\/a>.<\/p>\n\n\n\n<p class=\"ls-paragraph\">Para evitar que Google Analytics utilice su informaci\u00f3n con fines anal\u00edticos, tambi\u00e9n puede instalar el complemento de inhabilitaci\u00f3n para navegadores de Google Analytics haciendo clic <a href=\"https:\/\/tools.google.com\/dlpage\/gaoptout\" rel=\"noreferrer noopener\" target=\"_blank\">aqu\u00ed<\/a>. Tenga en cuenta que no tenemos control sobre este enlace de exclusi\u00f3n voluntaria y no somos responsables de la disponibilidad o precisi\u00f3n de este mecanismo. Consulte <a href=\"https:\/\/support.google.com\/analytics\/answer\/6004245\" rel=\"noreferrer noopener\" target=\"_blank\">esta documentaci\u00f3n<\/a> para obtener m\u00e1s informaci\u00f3n.<\/p>\n\n\n\n<h2 class=\"ls__heading wp-block-heading\" id=\"gdpr-8\">Cu\u00e1nto tiempo almacenamos sus datos<\/h2>\n\n\n\n<p class=\"ls-paragraph\">Si deja un comentario, el comentario y sus metadatos se conservan indefinidamente. Esto reconoce y aprueba autom\u00e1ticamente los comentarios posteriores en lugar de dejarlos en la cola de moderaci\u00f3n.<\/p>\n\n\n\n<p class=\"ls-paragraph\">Para los usuarios que se registran en nuestro sitio web (si es posible), tambi\u00e9n almacenamos los datos personales indicados en su perfil. Todos los usuarios pueden ver, editar o eliminar su informaci\u00f3n personal en cualquier momento (excepto su nombre de usuario). Los administradores del sitio tambi\u00e9n pueden ver y editar esta informaci\u00f3n.<\/p>\n\n\n\n<h2 class=\"ls__heading wp-block-heading\" id=\"gdpr-9\">Los derechos que tienes sobre tus datos<\/h2>\n\n\n\n<p class=\"ls-paragraph\">Si tiene una cuenta o si ha dejado comentarios en el sitio, puede solicitar recibir un archivo que contenga todos los datos personales que tenemos sobre usted, incluidos los que nos ha proporcionado. Tambi\u00e9n puede solicitar la eliminaci\u00f3n de sus datos personales. Esto no tiene en cuenta los datos almacenados con fines administrativos, legales o de seguridad.<\/p>\n\n\n\n<h2 class=\"ls__heading wp-block-heading\" id=\"gdpr-10\">Transmisi\u00f3n de sus datos personales<\/h2>\n\n\n\n<p class=\"ls-paragraph\">Los comentarios de los visitantes se pueden verificar utilizando un servicio automatizado de detecci\u00f3n de spam<br\/>Todos los datos personales que procesamos se procesan en el coraz\u00f3n de la Uni\u00f3n Europea.<\/p>\n\n\n\n<h2 class=\"ls__heading wp-block-heading\" id=\"gdpr-11\">C\u00f3mo protegemos sus datos<\/h2>\n\n\n\n<p class=\"ls-paragraph\">Implementamos y actualizamos continuamente la <strong>seguridad<\/strong> del Sitio para proteger su informaci\u00f3n del acceso no autorizado, p\u00e9rdida, destrucci\u00f3n o alteraci\u00f3n. Por lo tanto, trabajamos para que sus datos sean lo m\u00e1s invulnerables posible. Como Internet no es un entorno 100% seguro, no podemos garantizar completamente la seguridad de la transmisi\u00f3n o almacenamiento de su informaci\u00f3n.<\/p>\n\n\n\n<h2 class=\"ls__heading wp-block-heading\" id=\"gdpr-12\">Informaci\u00f3n de contacto<\/h2>\n\n\n\n<p class=\"ls-paragraph\">Para cualquier solicitud o pregunta relacionada con sus datos personales, cont\u00e1ctenos en rgpd@geek-tonic.com, otra informaci\u00f3n de contacto est\u00e1 disponible en nuestro <a href=\"https:\/\/aparra-surfcamp.com\/es\/aviso-legal\/\">aviso legal<\/a>. Tenga en cuenta que podemos pedirle que verifique su identidad antes de tomar cualquier otra medida con respecto a su solicitud.<\/p>\n\n\r\n    <\/div>\r\n<\/section>","protected":false},"excerpt":{"rendered":"","protected":false},"author":1,"featured_media":0,"parent":0,"menu_order":0,"comment_status":"closed","ping_status":"open","template":"","meta":{"_acf_changed":false,"inline_featured_image":false,"footnotes":""},"sujet":[],"class_list":["post-1855","page","type-page","status-publish","hentry"],"acf":[],"yoast_head":"<!-- This site is optimized with the Yoast SEO plugin v25.3 - https:\/\/yoast.com\/wordpress\/plugins\/seo\/ -->\n<title>Pol\u00edtica de privacidad - Aparra Surfcamp<\/title>\n<meta name=\"robots\" content=\"noindex, nofollow\" \/>\n<meta property=\"og:locale\" content=\"es_ES\" \/>\n<meta property=\"og:type\" content=\"article\" \/>\n<meta property=\"og:title\" content=\"Pol\u00edtica de privacidad - Aparra Surfcamp\" \/>\n<meta property=\"og:url\" content=\"https:\/\/aparra-surfcamp.com\/es\/politica-de-privacidad\/\" \/>\n<meta property=\"og:site_name\" content=\"Aparra Surfcamp\" \/>\n<meta property=\"article:modified_time\" content=\"2023-06-15T09:48:39+00:00\" \/>\n<meta name=\"twitter:card\" content=\"summary_large_image\" \/>\n<meta name=\"twitter:label1\" content=\"Tiempo de lectura\" \/>\n\t<meta name=\"twitter:data1\" content=\"7 minutos\" \/>\n<script type=\"application\/ld+json\" class=\"yoast-schema-graph\">{\"@context\":\"https:\/\/schema.org\",\"@graph\":[{\"@type\":\"WebPage\",\"@id\":\"https:\/\/aparra-surfcamp.com\/es\/politica-de-privacidad\/\",\"url\":\"https:\/\/aparra-surfcamp.com\/es\/politica-de-privacidad\/\",\"name\":\"Pol\u00edtica de privacidad - Aparra Surfcamp\",\"isPartOf\":{\"@id\":\"https:\/\/aparra-surfcamp.com\/#website\"},\"datePublished\":\"2023-05-16T07:04:38+00:00\",\"dateModified\":\"2023-06-15T09:48:39+00:00\",\"breadcrumb\":{\"@id\":\"https:\/\/aparra-surfcamp.com\/es\/politica-de-privacidad\/#breadcrumb\"},\"inLanguage\":\"es\",\"potentialAction\":[{\"@type\":\"ReadAction\",\"target\":[\"https:\/\/aparra-surfcamp.com\/es\/politica-de-privacidad\/\"]}]},{\"@type\":\"BreadcrumbList\",\"@id\":\"https:\/\/aparra-surfcamp.com\/es\/politica-de-privacidad\/#breadcrumb\",\"itemListElement\":[{\"@type\":\"ListItem\",\"position\":1,\"name\":\"Surf Camp Pays Basque\",\"item\":\"https:\/\/aparra-surfcamp.com\/es\/\"},{\"@type\":\"ListItem\",\"position\":2,\"name\":\"Pol\u00edtica de privacidad\"}]},{\"@type\":\"WebSite\",\"@id\":\"https:\/\/aparra-surfcamp.com\/#website\",\"url\":\"https:\/\/aparra-surfcamp.com\/\",\"name\":\"Aparra Surfcamp\",\"description\":\"\",\"publisher\":{\"@id\":\"https:\/\/aparra-surfcamp.com\/#organization\"},\"potentialAction\":[{\"@type\":\"SearchAction\",\"target\":{\"@type\":\"EntryPoint\",\"urlTemplate\":\"https:\/\/aparra-surfcamp.com\/?s={search_term_string}\"},\"query-input\":{\"@type\":\"PropertyValueSpecification\",\"valueRequired\":true,\"valueName\":\"search_term_string\"}}],\"inLanguage\":\"es\"},{\"@type\":\"Organization\",\"@id\":\"https:\/\/aparra-surfcamp.com\/#organization\",\"name\":\"Aparra Surfcamp\",\"url\":\"https:\/\/aparra-surfcamp.com\/\",\"logo\":{\"@type\":\"ImageObject\",\"inLanguage\":\"es\",\"@id\":\"https:\/\/aparra-surfcamp.com\/#\/schema\/logo\/image\/\",\"url\":\"https:\/\/aparra-surfcamp.com\/wp-content\/uploads\/2023\/05\/logo-aparra-surfsamp.webp\",\"contentUrl\":\"https:\/\/aparra-surfcamp.com\/wp-content\/uploads\/2023\/05\/logo-aparra-surfsamp.webp\",\"width\":500,\"height\":500,\"caption\":\"Aparra Surfcamp\"},\"image\":{\"@id\":\"https:\/\/aparra-surfcamp.com\/#\/schema\/logo\/image\/\"}}]}<\/script>\n<!-- \/ Yoast SEO plugin. -->","yoast_head_json":{"title":"Pol\u00edtica de privacidad - Aparra Surfcamp","robots":{"index":"noindex","follow":"nofollow"},"og_locale":"es_ES","og_type":"article","og_title":"Pol\u00edtica de privacidad - Aparra Surfcamp","og_url":"https:\/\/aparra-surfcamp.com\/es\/politica-de-privacidad\/","og_site_name":"Aparra Surfcamp","article_modified_time":"2023-06-15T09:48:39+00:00","twitter_card":"summary_large_image","twitter_misc":{"Tiempo de lectura":"7 minutos"},"schema":{"@context":"https:\/\/schema.org","@graph":[{"@type":"WebPage","@id":"https:\/\/aparra-surfcamp.com\/es\/politica-de-privacidad\/","url":"https:\/\/aparra-surfcamp.com\/es\/politica-de-privacidad\/","name":"Pol\u00edtica de privacidad - Aparra Surfcamp","isPartOf":{"@id":"https:\/\/aparra-surfcamp.com\/#website"},"datePublished":"2023-05-16T07:04:38+00:00","dateModified":"2023-06-15T09:48:39+00:00","breadcrumb":{"@id":"https:\/\/aparra-surfcamp.com\/es\/politica-de-privacidad\/#breadcrumb"},"inLanguage":"es","potentialAction":[{"@type":"ReadAction","target":["https:\/\/aparra-surfcamp.com\/es\/politica-de-privacidad\/"]}]},{"@type":"BreadcrumbList","@id":"https:\/\/aparra-surfcamp.com\/es\/politica-de-privacidad\/#breadcrumb","itemListElement":[{"@type":"ListItem","position":1,"name":"Surf Camp Pays Basque","item":"https:\/\/aparra-surfcamp.com\/es\/"},{"@type":"ListItem","position":2,"name":"Pol\u00edtica de privacidad"}]},{"@type":"WebSite","@id":"https:\/\/aparra-surfcamp.com\/#website","url":"https:\/\/aparra-surfcamp.com\/","name":"Aparra Surfcamp","description":"","publisher":{"@id":"https:\/\/aparra-surfcamp.com\/#organization"},"potentialAction":[{"@type":"SearchAction","target":{"@type":"EntryPoint","urlTemplate":"https:\/\/aparra-surfcamp.com\/?s={search_term_string}"},"query-input":{"@type":"PropertyValueSpecification","valueRequired":true,"valueName":"search_term_string"}}],"inLanguage":"es"},{"@type":"Organization","@id":"https:\/\/aparra-surfcamp.com\/#organization","name":"Aparra Surfcamp","url":"https:\/\/aparra-surfcamp.com\/","logo":{"@type":"ImageObject","inLanguage":"es","@id":"https:\/\/aparra-surfcamp.com\/#\/schema\/logo\/image\/","url":"https:\/\/aparra-surfcamp.com\/wp-content\/uploads\/2023\/05\/logo-aparra-surfsamp.webp","contentUrl":"https:\/\/aparra-surfcamp.com\/wp-content\/uploads\/2023\/05\/logo-aparra-surfsamp.webp","width":500,"height":500,"caption":"Aparra Surfcamp"},"image":{"@id":"https:\/\/aparra-surfcamp.com\/#\/schema\/logo\/image\/"}}]}},"_links":{"self":[{"href":"https:\/\/aparra-surfcamp.com\/es\/wp-json\/wp\/v2\/pages\/1855","targetHints":{"allow":["GET"]}}],"collection":[{"href":"https:\/\/aparra-surfcamp.com\/es\/wp-json\/wp\/v2\/pages"}],"about":[{"href":"https:\/\/aparra-surfcamp.com\/es\/wp-json\/wp\/v2\/types\/page"}],"author":[{"embeddable":true,"href":"https:\/\/aparra-surfcamp.com\/es\/wp-json\/wp\/v2\/users\/1"}],"replies":[{"embeddable":true,"href":"https:\/\/aparra-surfcamp.com\/es\/wp-json\/wp\/v2\/comments?post=1855"}],"version-history":[{"count":6,"href":"https:\/\/aparra-surfcamp.com\/es\/wp-json\/wp\/v2\/pages\/1855\/revisions"}],"predecessor-version":[{"id":2012,"href":"https:\/\/aparra-surfcamp.com\/es\/wp-json\/wp\/v2\/pages\/1855\/revisions\/2012"}],"wp:attachment":[{"href":"https:\/\/aparra-surfcamp.com\/es\/wp-json\/wp\/v2\/media?parent=1855"}],"wp:term":[{"taxonomy":"sujet","embeddable":true,"href":"https:\/\/aparra-surfcamp.com\/es\/wp-json\/wp\/v2\/sujet?post=1855"}],"curies":[{"name":"wp","href":"https:\/\/api.w.org\/{rel}","templated":true}]}}