{"id":1847,"date":"2023-05-22T13:45:59","date_gmt":"2023-05-22T11:45:59","guid":{"rendered":"https:\/\/aparra-surfcamp.com\/aviso-legal\/"},"modified":"2023-06-13T14:01:19","modified_gmt":"2023-06-13T12:01:19","slug":"aviso-legal","status":"publish","type":"page","link":"https:\/\/aparra-surfcamp.com\/es\/aviso-legal\/","title":{"rendered":"Legal"},"content":{"rendered":"<section id=\"ls-section-block_5949b384509241b09f14625261f0eb56\" class=\"ls-section  page-intro has-p-b p-b-0\" >\r\n        <div class=\"container \">\r\n        \n\n<h1 class=\"ls__heading wp-block-heading has-text-align-center\">Legal<\/h1>\n\n\r\n    <\/div>\r\n<\/section><section id=\"ls-section-block_5be8b5f1f2370a8f97839dc0c1307419\" class=\"ls-section  page-one ete has-m-t m-t-0 has-p-t p-t-0\" >\r\n        <div class=\"container \">\r\n        \n\n<h2 class=\"ls__heading wp-block-heading\">JEFE DE OBRA<\/h2>\n\n\n\n<p class=\"ls-paragraph\"><strong>Aparra Surfcamp<\/strong><br\/>10 en Sellier 17500 Ozillac<br\/>Tel. 07 61 27 93 80<br\/>Correo electr\u00f3nico: contact@aparra-surfcamp.com<br\/>SARL con un capital social de 1.000 \u20ac<br\/>N\u00famero SIRET: 90861254200013<br\/>C\u00f3digo APE: 9329Z<br\/>IVA intracomunitario : FR92908612542<br\/>Directora de publicaci\u00f3n: Yvanna ICHOURIBEHERE<\/p>\n\n\n\n<h2 class=\"ls__heading wp-block-heading\">REALIZACI\u00d3N<\/h2>\n\n\n\n<p class=\"ls-paragraph\"><strong>GEEK TONIC<\/strong><br\/>Representado por el Sr. Yohan Darmayan en su calidad de Gerente<br\/>Oficina central: 50 avenue du Lac Marion, 64200 Biarritz<br\/>Tel\u00e9fono : 05 32 74 11 52<br\/>Correo electr\u00f3nico: support@geek-tonic.com<br\/>Sitio web: <a href=\"https:\/\/www.geek-tonic.com\/\">www.geek-tonic.com<\/a><br\/>SIRET: 89746755100015<br\/>APE: 6201Z<\/p>\n\n\n\n<h2 class=\"ls__heading wp-block-heading\">DERECHOS DE AUTOR<\/h2>\n\n\n\n<p class=\"ls-paragraph\">Todo el contenido de este sitio depende de los derechos de autor y la propiedad intelectual de la ley francesa Cualquier reproducci\u00f3n (incluyendo fotos, iconos y documentos descargables) est\u00e1 prohibida sin el consentimiento previo de GEEK TONIC. Se proh\u00edbe la reproducci\u00f3n en soporte electr\u00f3nico de todo o parte del sitio en papel o formato electr\u00f3nico. GEEK TONIC declina toda responsabilidad por el contenido del sitio web. GEEK TONIC tambi\u00e9n declina toda responsabilidad por los enlaces externos que apuntan al presente sitio.<\/p>\n\n\n\n<h2 class=\"ls__heading wp-block-heading\" id=\"m-t-6\">DATOS PERSONALES E INFORMACI\u00d3N PERSONAL<\/h2>\n\n\n\n<p class=\"ls-paragraph\">Tiene derecho a acceder, modificar, rectificar y eliminar los datos que le conciernen de acuerdo con el art\u00edculo 34 de la Ley \u00abInformatique et Libert\u00e9s\u00bb n \u00b0 78-17 del 6 de enero de 1978, modificada el 6 de agosto de 2018. Para implementar este derecho de acceso, puede hacerlo mediante una simple solicitud por escrito al editor del sitio.<\/p>\n\n\n\n<h2 class=\"ls__heading wp-block-heading\">LEGISLACI\u00d3N<\/h2>\n\n\n\n<p class=\"ls-paragraph\">De acuerdo con la ley del 11 de marzo de 1957 (art. 41) y el c\u00f3digo de propiedad intelectual del 1 de julio de 1992, est\u00e1 prohibido reproducir parcial o totalmente cualquier parte del sitio sin la autorizaci\u00f3n previa del editor del sitio. Logotipos, im\u00e1genes, fotos, videos, cartas gr\u00e1ficas, textos son propiedad de sus respectivos due\u00f1os. Este sitio puede, sin su conocimiento, haber sido vinculado a otros sitios a trav\u00e9s de enlaces hipermedia. El editor del sitio declina toda responsabilidad por la informaci\u00f3n presentada en estos otros sitios. El usuario reconoce que el uso de este sitio se rige por la ley francesa.<\/p>\n\n\r\n    <\/div>\r\n<\/section>","protected":false},"excerpt":{"rendered":"","protected":false},"author":1,"featured_media":0,"parent":0,"menu_order":0,"comment_status":"closed","ping_status":"closed","template":"","meta":{"_acf_changed":false,"inline_featured_image":false,"footnotes":""},"sujet":[],"class_list":["post-1847","page","type-page","status-publish","hentry"],"acf":[],"yoast_head":"<!-- This site is optimized with the Yoast SEO plugin v25.3 - https:\/\/yoast.com\/wordpress\/plugins\/seo\/ -->\n<title>Legal - Aparra Surfcamp<\/title>\n<meta name=\"robots\" content=\"noindex, nofollow\" \/>\n<meta property=\"og:locale\" content=\"es_ES\" \/>\n<meta property=\"og:type\" content=\"article\" \/>\n<meta property=\"og:title\" content=\"Legal - Aparra Surfcamp\" \/>\n<meta property=\"og:url\" content=\"https:\/\/aparra-surfcamp.com\/es\/aviso-legal\/\" \/>\n<meta property=\"og:site_name\" content=\"Aparra Surfcamp\" \/>\n<meta property=\"article:modified_time\" content=\"2023-06-13T12:01:19+00:00\" \/>\n<meta name=\"twitter:card\" content=\"summary_large_image\" \/>\n<meta name=\"twitter:label1\" content=\"Tiempo de lectura\" \/>\n\t<meta name=\"twitter:data1\" content=\"2 minutos\" \/>\n<script type=\"application\/ld+json\" class=\"yoast-schema-graph\">{\"@context\":\"https:\/\/schema.org\",\"@graph\":[{\"@type\":\"WebPage\",\"@id\":\"https:\/\/aparra-surfcamp.com\/es\/aviso-legal\/\",\"url\":\"https:\/\/aparra-surfcamp.com\/es\/aviso-legal\/\",\"name\":\"Legal - Aparra Surfcamp\",\"isPartOf\":{\"@id\":\"https:\/\/aparra-surfcamp.com\/#website\"},\"datePublished\":\"2023-05-22T11:45:59+00:00\",\"dateModified\":\"2023-06-13T12:01:19+00:00\",\"breadcrumb\":{\"@id\":\"https:\/\/aparra-surfcamp.com\/es\/aviso-legal\/#breadcrumb\"},\"inLanguage\":\"es\",\"potentialAction\":[{\"@type\":\"ReadAction\",\"target\":[\"https:\/\/aparra-surfcamp.com\/es\/aviso-legal\/\"]}]},{\"@type\":\"BreadcrumbList\",\"@id\":\"https:\/\/aparra-surfcamp.com\/es\/aviso-legal\/#breadcrumb\",\"itemListElement\":[{\"@type\":\"ListItem\",\"position\":1,\"name\":\"Surf Camp Pays Basque\",\"item\":\"https:\/\/aparra-surfcamp.com\/es\/\"},{\"@type\":\"ListItem\",\"position\":2,\"name\":\"Legal\"}]},{\"@type\":\"WebSite\",\"@id\":\"https:\/\/aparra-surfcamp.com\/#website\",\"url\":\"https:\/\/aparra-surfcamp.com\/\",\"name\":\"Aparra Surfcamp\",\"description\":\"\",\"publisher\":{\"@id\":\"https:\/\/aparra-surfcamp.com\/#organization\"},\"potentialAction\":[{\"@type\":\"SearchAction\",\"target\":{\"@type\":\"EntryPoint\",\"urlTemplate\":\"https:\/\/aparra-surfcamp.com\/?s={search_term_string}\"},\"query-input\":{\"@type\":\"PropertyValueSpecification\",\"valueRequired\":true,\"valueName\":\"search_term_string\"}}],\"inLanguage\":\"es\"},{\"@type\":\"Organization\",\"@id\":\"https:\/\/aparra-surfcamp.com\/#organization\",\"name\":\"Aparra Surfcamp\",\"url\":\"https:\/\/aparra-surfcamp.com\/\",\"logo\":{\"@type\":\"ImageObject\",\"inLanguage\":\"es\",\"@id\":\"https:\/\/aparra-surfcamp.com\/#\/schema\/logo\/image\/\",\"url\":\"https:\/\/aparra-surfcamp.com\/wp-content\/uploads\/2023\/05\/logo-aparra-surfsamp.webp\",\"contentUrl\":\"https:\/\/aparra-surfcamp.com\/wp-content\/uploads\/2023\/05\/logo-aparra-surfsamp.webp\",\"width\":500,\"height\":500,\"caption\":\"Aparra Surfcamp\"},\"image\":{\"@id\":\"https:\/\/aparra-surfcamp.com\/#\/schema\/logo\/image\/\"}}]}<\/script>\n<!-- \/ Yoast SEO plugin. -->","yoast_head_json":{"title":"Legal - Aparra Surfcamp","robots":{"index":"noindex","follow":"nofollow"},"og_locale":"es_ES","og_type":"article","og_title":"Legal - Aparra Surfcamp","og_url":"https:\/\/aparra-surfcamp.com\/es\/aviso-legal\/","og_site_name":"Aparra Surfcamp","article_modified_time":"2023-06-13T12:01:19+00:00","twitter_card":"summary_large_image","twitter_misc":{"Tiempo de lectura":"2 minutos"},"schema":{"@context":"https:\/\/schema.org","@graph":[{"@type":"WebPage","@id":"https:\/\/aparra-surfcamp.com\/es\/aviso-legal\/","url":"https:\/\/aparra-surfcamp.com\/es\/aviso-legal\/","name":"Legal - Aparra Surfcamp","isPartOf":{"@id":"https:\/\/aparra-surfcamp.com\/#website"},"datePublished":"2023-05-22T11:45:59+00:00","dateModified":"2023-06-13T12:01:19+00:00","breadcrumb":{"@id":"https:\/\/aparra-surfcamp.com\/es\/aviso-legal\/#breadcrumb"},"inLanguage":"es","potentialAction":[{"@type":"ReadAction","target":["https:\/\/aparra-surfcamp.com\/es\/aviso-legal\/"]}]},{"@type":"BreadcrumbList","@id":"https:\/\/aparra-surfcamp.com\/es\/aviso-legal\/#breadcrumb","itemListElement":[{"@type":"ListItem","position":1,"name":"Surf Camp Pays Basque","item":"https:\/\/aparra-surfcamp.com\/es\/"},{"@type":"ListItem","position":2,"name":"Legal"}]},{"@type":"WebSite","@id":"https:\/\/aparra-surfcamp.com\/#website","url":"https:\/\/aparra-surfcamp.com\/","name":"Aparra Surfcamp","description":"","publisher":{"@id":"https:\/\/aparra-surfcamp.com\/#organization"},"potentialAction":[{"@type":"SearchAction","target":{"@type":"EntryPoint","urlTemplate":"https:\/\/aparra-surfcamp.com\/?s={search_term_string}"},"query-input":{"@type":"PropertyValueSpecification","valueRequired":true,"valueName":"search_term_string"}}],"inLanguage":"es"},{"@type":"Organization","@id":"https:\/\/aparra-surfcamp.com\/#organization","name":"Aparra Surfcamp","url":"https:\/\/aparra-surfcamp.com\/","logo":{"@type":"ImageObject","inLanguage":"es","@id":"https:\/\/aparra-surfcamp.com\/#\/schema\/logo\/image\/","url":"https:\/\/aparra-surfcamp.com\/wp-content\/uploads\/2023\/05\/logo-aparra-surfsamp.webp","contentUrl":"https:\/\/aparra-surfcamp.com\/wp-content\/uploads\/2023\/05\/logo-aparra-surfsamp.webp","width":500,"height":500,"caption":"Aparra Surfcamp"},"image":{"@id":"https:\/\/aparra-surfcamp.com\/#\/schema\/logo\/image\/"}}]}},"_links":{"self":[{"href":"https:\/\/aparra-surfcamp.com\/es\/wp-json\/wp\/v2\/pages\/1847","targetHints":{"allow":["GET"]}}],"collection":[{"href":"https:\/\/aparra-surfcamp.com\/es\/wp-json\/wp\/v2\/pages"}],"about":[{"href":"https:\/\/aparra-surfcamp.com\/es\/wp-json\/wp\/v2\/types\/page"}],"author":[{"embeddable":true,"href":"https:\/\/aparra-surfcamp.com\/es\/wp-json\/wp\/v2\/users\/1"}],"replies":[{"embeddable":true,"href":"https:\/\/aparra-surfcamp.com\/es\/wp-json\/wp\/v2\/comments?post=1847"}],"version-history":[{"count":3,"href":"https:\/\/aparra-surfcamp.com\/es\/wp-json\/wp\/v2\/pages\/1847\/revisions"}],"predecessor-version":[{"id":1850,"href":"https:\/\/aparra-surfcamp.com\/es\/wp-json\/wp\/v2\/pages\/1847\/revisions\/1850"}],"wp:attachment":[{"href":"https:\/\/aparra-surfcamp.com\/es\/wp-json\/wp\/v2\/media?parent=1847"}],"wp:term":[{"taxonomy":"sujet","embeddable":true,"href":"https:\/\/aparra-surfcamp.com\/es\/wp-json\/wp\/v2\/sujet?post=1847"}],"curies":[{"name":"wp","href":"https:\/\/api.w.org\/{rel}","templated":true}]}}