{"id":1817,"date":"2023-05-16T10:41:58","date_gmt":"2023-05-16T08:41:58","guid":{"rendered":"https:\/\/aparra-surfcamp.com\/contactenos\/"},"modified":"2025-02-19T15:54:15","modified_gmt":"2025-02-19T14:54:15","slug":"contacto-acceso","status":"publish","type":"page","link":"https:\/\/aparra-surfcamp.com\/es\/contacto-acceso\/","title":{"rendered":"Contacto"},"content":{"rendered":"<section id=\"ls-section-block_a79c17385328036903fc582f06427ab3\" class=\"ls-section  page-one deco palm\" >\r\n        <div class=\"container container--wide\">\r\n        \n\n<h1 class=\"ls__heading wp-block-heading has-text-align-center m-b-4\">Contacto y direcciones<\/h1>\n\n\n\n<div class=\"wp-block-columns is-layout-flex wp-container-core-columns-is-layout-9d6595d7 wp-block-columns-is-layout-flex\">\n<div class=\"wp-block-column image is-layout-flow wp-block-column-is-layout-flow\"><\/div>\n\n\n\n<div class=\"wp-block-column text p-t-0 is-layout-flow wp-block-column-is-layout-flow\">\n<h2 class=\"ls__heading wp-block-heading has-text-align-left deco\">\u00a1Cont\u00e1ctenos!<\/h2>\n\n\n\n<p class=\"ls-paragraph\">Nuestro equipo est\u00e1 a su disposici\u00f3n si tiene alguna pregunta, necesita informaci\u00f3n o simplemente quiere charlar con nosotros.<\/p>\n\n\n\n<p class=\"ls-paragraph\"><strong>D\u00e9jenos un mensaje<\/strong> y nos pondremos en contacto con usted lo antes posible.<\/p>\n\n\n\n<p class=\"ls-paragraph\">Tambi\u00e9n puede ponerse en contacto con nosotros en el <strong>05 35 45 50 03<\/strong>.<\/p>\n<\/div>\n<\/div>\n\n\r\n    <\/div>\r\n<\/section>\n\n<section id=\"ls-section-block_46bcf05dab880f947013d037a4eefa54\" class=\"ls-section  home-ocean has-background has-color-3-background-color has-p-t p-t-14 has-p-b p-b-14\" >\r\n        <div class=\"container container--wide\">\r\n        \n\n<h2 class=\"ls__heading wp-block-heading has-text-align-center deco\">Venir al surfcamp<\/h2>\n\n\n\n<div class=\"wp-block-columns first is-layout-flex wp-container-core-columns-is-layout-9d6595d7 wp-block-columns-is-layout-flex\">\n<div class=\"wp-block-column is-layout-flow wp-block-column-is-layout-flow\">\n<div class=\"wp-block-columns is-layout-flex wp-container-core-columns-is-layout-9d6595d7 wp-block-columns-is-layout-flex\">\n<div class=\"wp-block-column is-layout-flow wp-block-column-is-layout-flow\">\n<div id=\"ls-heading ls-titre-div-block_bfac0a8ff3459cb9477c6dc52bdfe06c\" class=\"ls-titre-div aligncenter h2-like has-text-color has-color-2-color has-m-b m-b-0\" >\n    Aparra Surf Camp <strong>Hendaya<\/strong><\/div>\n\n\n\n<p class=\"ls-paragraph has-text-align-center\">en Camping Abaya<br>14 Chemin de Ascoube Fagady, 64700 Hendaya<br>Tal. <strong>07 61 27 93 80<\/strong><\/p>\n\n\n\n<iframe src=\"https:\/\/www.google.com\/maps\/embed?pb=!1m14!1m8!1m3!1d5800.209203347925!2d-1.7438999702478526!3d43.37483684068807!3m2!1i1024!2i768!4f13.1!3m3!1m2!1s0xd510f2c799c3453%3A0x9344074c982ac1f2!2sAparra%20Surfcamp!5e0!3m2!1sfr!2sfr!4v1685525350110!5m2!1sfr!2sfr\" width=\"100%\" height=\"550\" style=\"border:0;\" allowfullscreen=\"\" loading=\"lazy\" referrerpolicy=\"no-referrer-when-downgrade\"><\/iframe>\n<\/div>\n\n\n\n<div class=\"wp-block-column is-layout-flow wp-block-column-is-layout-flow\">\n<div id=\"ls-heading ls-titre-div-block_2acbaa55cde2fa68f733695817d417c2\" class=\"ls-titre-div aligncenter h2-like has-text-color has-color-2-color has-m-b m-b-0\" >\n    Aparra Surf Camp <strong>Saint-Jean-de-Luz<\/strong><\/div>\n\n\n\n<p class=\"ls-paragraph has-text-align-center\">en Camping municipal Chibau Berria<br>525 Chemin de Chibau Berria, 64500 San Juan de Luz<br>Tal. <strong>06 12 58 61 15<\/strong><\/p>\n\n\n\n<iframe src=\"https:\/\/www.google.com\/maps\/embed?pb=!1m18!1m12!1m3!1d2898.508417635588!2d-1.6388548234254763!3d43.40820316824144!2m3!1f0!2f0!3f0!3m2!1i1024!2i768!4f13.1!3m3!1m2!1s0xd5113ccbf4d9a41%3A0x1b79edf00071243!2sCamping%20municipal%20Chibau%20Berria!5e0!3m2!1sfr!2sfr!4v1685525059106!5m2!1sfr!2sfr\" width=\"100%\" height=\"550\" style=\"border:0;\" allowfullscreen=\"\" loading=\"lazy\" referrerpolicy=\"no-referrer-when-downgrade\"><\/iframe>\n<\/div>\n<\/div>\n\n\n\n<div class=\"wp-block-columns is-layout-flex wp-container-core-columns-is-layout-9d6595d7 wp-block-columns-is-layout-flex\">\n<div class=\"wp-block-column is-layout-flow wp-block-column-is-layout-flow\">\n<div id=\"ls-heading ls-titre-div-block_325d9da633e66923b38d4d9952c784de\" class=\"ls-titre-div aligncenter h2-like has-text-color has-color-2-color has-m-b m-b-0\" >\n    Aparra Surf Camp <strong>Capbreton<\/strong><\/div>\n\n\n\n<p class=\"ls-paragraph has-text-align-center\">en camping du Domaine de&nbsp; Fierbois 3*<br>Avenue des Alouettes,&nbsp;40130 Capbreton<\/p>\n\n\n\n<iframe src=\"https:\/\/www.google.com\/maps\/embed?pb=!1m18!1m12!1m3!1d2887.7217932122653!2d-1.4490070234460606!3d43.63314905372689!2m3!1f0!2f0!3f0!3m2!1i1024!2i768!4f13.1!3m3!1m2!1s0xd515cabeed5877b%3A0x968fdc9b0c3f9cb3!2sCamping%20Domaine%20de%20Fierbois%20-%20Vacances%20Andr%C3%A9%20Trigano!5e0!3m2!1sfr!2sfr!4v1709281707938!5m2!1sfr!2sfr\" width=\"600\" height=\"450\" style=\"border:0;\" allowfullscreen=\"\" loading=\"lazy\" referrerpolicy=\"no-referrer-when-downgrade\"><\/iframe>\n<\/div>\n\n\n\n<div class=\"wp-block-column is-layout-flow wp-block-column-is-layout-flow\"><\/div>\n<\/div>\n<\/div>\n<\/div>\n\n\r\n    <\/div>\r\n<\/section>","protected":false},"excerpt":{"rendered":"","protected":false},"author":1,"featured_media":1793,"parent":0,"menu_order":0,"comment_status":"closed","ping_status":"closed","template":"","meta":{"_acf_changed":false,"inline_featured_image":false,"footnotes":""},"sujet":[],"class_list":["post-1817","page","type-page","status-publish","has-post-thumbnail","hentry"],"acf":[],"yoast_head":"<!-- This site is optimized with the Yoast SEO plugin v25.3 - https:\/\/yoast.com\/wordpress\/plugins\/seo\/ -->\n<title>Contacta con Aparra surfcamp en el Pa\u00eds Vasco | Itinerario Surfcamp<\/title>\n<meta name=\"robots\" content=\"index, follow, max-snippet:-1, max-image-preview:large, max-video-preview:-1\" \/>\n<link rel=\"canonical\" href=\"https:\/\/aparra-surfcamp.com\/es\/contacto-acceso\/\" \/>\n<meta property=\"og:locale\" content=\"es_ES\" \/>\n<meta property=\"og:type\" content=\"article\" \/>\n<meta property=\"og:title\" content=\"Contacta con Aparra surfcamp en el Pa\u00eds Vasco | Itinerario Surfcamp\" \/>\n<meta property=\"og:url\" content=\"https:\/\/aparra-surfcamp.com\/es\/contacto-acceso\/\" \/>\n<meta property=\"og:site_name\" content=\"Aparra Surfcamp\" \/>\n<meta property=\"article:modified_time\" content=\"2025-02-19T14:54:15+00:00\" \/>\n<meta property=\"og:image\" content=\"https:\/\/aparra-surfcamp.com\/wp-content\/uploads\/2023\/05\/aparra-surf-camp-contact.webp\" \/>\n\t<meta property=\"og:image:width\" content=\"2000\" \/>\n\t<meta property=\"og:image:height\" content=\"1638\" \/>\n\t<meta property=\"og:image:type\" content=\"image\/webp\" \/>\n<meta name=\"twitter:card\" content=\"summary_large_image\" \/>\n<meta name=\"twitter:label1\" content=\"Tiempo de lectura\" \/>\n\t<meta name=\"twitter:data1\" content=\"1 minuto\" \/>\n<script type=\"application\/ld+json\" class=\"yoast-schema-graph\">{\"@context\":\"https:\/\/schema.org\",\"@graph\":[{\"@type\":\"WebPage\",\"@id\":\"https:\/\/aparra-surfcamp.com\/es\/contacto-acceso\/\",\"url\":\"https:\/\/aparra-surfcamp.com\/es\/contacto-acceso\/\",\"name\":\"Contacta con Aparra surfcamp en el Pa\u00eds Vasco | Itinerario Surfcamp\",\"isPartOf\":{\"@id\":\"https:\/\/aparra-surfcamp.com\/#website\"},\"primaryImageOfPage\":{\"@id\":\"https:\/\/aparra-surfcamp.com\/es\/contacto-acceso\/#primaryimage\"},\"image\":{\"@id\":\"https:\/\/aparra-surfcamp.com\/es\/contacto-acceso\/#primaryimage\"},\"thumbnailUrl\":\"https:\/\/aparra-surfcamp.com\/wp-content\/uploads\/2023\/05\/aparra-surf-camp-contact.webp\",\"datePublished\":\"2023-05-16T08:41:58+00:00\",\"dateModified\":\"2025-02-19T14:54:15+00:00\",\"breadcrumb\":{\"@id\":\"https:\/\/aparra-surfcamp.com\/es\/contacto-acceso\/#breadcrumb\"},\"inLanguage\":\"es\",\"potentialAction\":[{\"@type\":\"ReadAction\",\"target\":[\"https:\/\/aparra-surfcamp.com\/es\/contacto-acceso\/\"]}]},{\"@type\":\"ImageObject\",\"inLanguage\":\"es\",\"@id\":\"https:\/\/aparra-surfcamp.com\/es\/contacto-acceso\/#primaryimage\",\"url\":\"https:\/\/aparra-surfcamp.com\/wp-content\/uploads\/2023\/05\/aparra-surf-camp-contact.webp\",\"contentUrl\":\"https:\/\/aparra-surfcamp.com\/wp-content\/uploads\/2023\/05\/aparra-surf-camp-contact.webp\",\"width\":2000,\"height\":1638,\"caption\":\"aparra surf camp contact\"},{\"@type\":\"BreadcrumbList\",\"@id\":\"https:\/\/aparra-surfcamp.com\/es\/contacto-acceso\/#breadcrumb\",\"itemListElement\":[{\"@type\":\"ListItem\",\"position\":1,\"name\":\"Surf Camp Pays Basque\",\"item\":\"https:\/\/aparra-surfcamp.com\/es\/\"},{\"@type\":\"ListItem\",\"position\":2,\"name\":\"Contacto, acceso\"}]},{\"@type\":\"WebSite\",\"@id\":\"https:\/\/aparra-surfcamp.com\/#website\",\"url\":\"https:\/\/aparra-surfcamp.com\/\",\"name\":\"Aparra Surfcamp\",\"description\":\"\",\"publisher\":{\"@id\":\"https:\/\/aparra-surfcamp.com\/#organization\"},\"potentialAction\":[{\"@type\":\"SearchAction\",\"target\":{\"@type\":\"EntryPoint\",\"urlTemplate\":\"https:\/\/aparra-surfcamp.com\/?s={search_term_string}\"},\"query-input\":{\"@type\":\"PropertyValueSpecification\",\"valueRequired\":true,\"valueName\":\"search_term_string\"}}],\"inLanguage\":\"es\"},{\"@type\":\"Organization\",\"@id\":\"https:\/\/aparra-surfcamp.com\/#organization\",\"name\":\"Aparra Surfcamp\",\"url\":\"https:\/\/aparra-surfcamp.com\/\",\"logo\":{\"@type\":\"ImageObject\",\"inLanguage\":\"es\",\"@id\":\"https:\/\/aparra-surfcamp.com\/#\/schema\/logo\/image\/\",\"url\":\"https:\/\/aparra-surfcamp.com\/wp-content\/uploads\/2023\/05\/logo-aparra-surfsamp.webp\",\"contentUrl\":\"https:\/\/aparra-surfcamp.com\/wp-content\/uploads\/2023\/05\/logo-aparra-surfsamp.webp\",\"width\":500,\"height\":500,\"caption\":\"Aparra Surfcamp\"},\"image\":{\"@id\":\"https:\/\/aparra-surfcamp.com\/#\/schema\/logo\/image\/\"}}]}<\/script>\n<!-- \/ Yoast SEO plugin. -->","yoast_head_json":{"title":"Contacta con Aparra surfcamp en el Pa\u00eds Vasco | Itinerario Surfcamp","robots":{"index":"index","follow":"follow","max-snippet":"max-snippet:-1","max-image-preview":"max-image-preview:large","max-video-preview":"max-video-preview:-1"},"canonical":"https:\/\/aparra-surfcamp.com\/es\/contacto-acceso\/","og_locale":"es_ES","og_type":"article","og_title":"Contacta con Aparra surfcamp en el Pa\u00eds Vasco | Itinerario Surfcamp","og_url":"https:\/\/aparra-surfcamp.com\/es\/contacto-acceso\/","og_site_name":"Aparra Surfcamp","article_modified_time":"2025-02-19T14:54:15+00:00","og_image":[{"width":2000,"height":1638,"url":"https:\/\/aparra-surfcamp.com\/wp-content\/uploads\/2023\/05\/aparra-surf-camp-contact.webp","type":"image\/webp"}],"twitter_card":"summary_large_image","twitter_misc":{"Tiempo de lectura":"1 minuto"},"schema":{"@context":"https:\/\/schema.org","@graph":[{"@type":"WebPage","@id":"https:\/\/aparra-surfcamp.com\/es\/contacto-acceso\/","url":"https:\/\/aparra-surfcamp.com\/es\/contacto-acceso\/","name":"Contacta con Aparra surfcamp en el Pa\u00eds Vasco | Itinerario Surfcamp","isPartOf":{"@id":"https:\/\/aparra-surfcamp.com\/#website"},"primaryImageOfPage":{"@id":"https:\/\/aparra-surfcamp.com\/es\/contacto-acceso\/#primaryimage"},"image":{"@id":"https:\/\/aparra-surfcamp.com\/es\/contacto-acceso\/#primaryimage"},"thumbnailUrl":"https:\/\/aparra-surfcamp.com\/wp-content\/uploads\/2023\/05\/aparra-surf-camp-contact.webp","datePublished":"2023-05-16T08:41:58+00:00","dateModified":"2025-02-19T14:54:15+00:00","breadcrumb":{"@id":"https:\/\/aparra-surfcamp.com\/es\/contacto-acceso\/#breadcrumb"},"inLanguage":"es","potentialAction":[{"@type":"ReadAction","target":["https:\/\/aparra-surfcamp.com\/es\/contacto-acceso\/"]}]},{"@type":"ImageObject","inLanguage":"es","@id":"https:\/\/aparra-surfcamp.com\/es\/contacto-acceso\/#primaryimage","url":"https:\/\/aparra-surfcamp.com\/wp-content\/uploads\/2023\/05\/aparra-surf-camp-contact.webp","contentUrl":"https:\/\/aparra-surfcamp.com\/wp-content\/uploads\/2023\/05\/aparra-surf-camp-contact.webp","width":2000,"height":1638,"caption":"aparra surf camp contact"},{"@type":"BreadcrumbList","@id":"https:\/\/aparra-surfcamp.com\/es\/contacto-acceso\/#breadcrumb","itemListElement":[{"@type":"ListItem","position":1,"name":"Surf Camp Pays Basque","item":"https:\/\/aparra-surfcamp.com\/es\/"},{"@type":"ListItem","position":2,"name":"Contacto, acceso"}]},{"@type":"WebSite","@id":"https:\/\/aparra-surfcamp.com\/#website","url":"https:\/\/aparra-surfcamp.com\/","name":"Aparra Surfcamp","description":"","publisher":{"@id":"https:\/\/aparra-surfcamp.com\/#organization"},"potentialAction":[{"@type":"SearchAction","target":{"@type":"EntryPoint","urlTemplate":"https:\/\/aparra-surfcamp.com\/?s={search_term_string}"},"query-input":{"@type":"PropertyValueSpecification","valueRequired":true,"valueName":"search_term_string"}}],"inLanguage":"es"},{"@type":"Organization","@id":"https:\/\/aparra-surfcamp.com\/#organization","name":"Aparra Surfcamp","url":"https:\/\/aparra-surfcamp.com\/","logo":{"@type":"ImageObject","inLanguage":"es","@id":"https:\/\/aparra-surfcamp.com\/#\/schema\/logo\/image\/","url":"https:\/\/aparra-surfcamp.com\/wp-content\/uploads\/2023\/05\/logo-aparra-surfsamp.webp","contentUrl":"https:\/\/aparra-surfcamp.com\/wp-content\/uploads\/2023\/05\/logo-aparra-surfsamp.webp","width":500,"height":500,"caption":"Aparra Surfcamp"},"image":{"@id":"https:\/\/aparra-surfcamp.com\/#\/schema\/logo\/image\/"}}]}},"_links":{"self":[{"href":"https:\/\/aparra-surfcamp.com\/es\/wp-json\/wp\/v2\/pages\/1817","targetHints":{"allow":["GET"]}}],"collection":[{"href":"https:\/\/aparra-surfcamp.com\/es\/wp-json\/wp\/v2\/pages"}],"about":[{"href":"https:\/\/aparra-surfcamp.com\/es\/wp-json\/wp\/v2\/types\/page"}],"author":[{"embeddable":true,"href":"https:\/\/aparra-surfcamp.com\/es\/wp-json\/wp\/v2\/users\/1"}],"replies":[{"embeddable":true,"href":"https:\/\/aparra-surfcamp.com\/es\/wp-json\/wp\/v2\/comments?post=1817"}],"version-history":[{"count":9,"href":"https:\/\/aparra-surfcamp.com\/es\/wp-json\/wp\/v2\/pages\/1817\/revisions"}],"predecessor-version":[{"id":4133,"href":"https:\/\/aparra-surfcamp.com\/es\/wp-json\/wp\/v2\/pages\/1817\/revisions\/4133"}],"wp:featuredmedia":[{"embeddable":true,"href":"https:\/\/aparra-surfcamp.com\/es\/wp-json\/wp\/v2\/media\/1793"}],"wp:attachment":[{"href":"https:\/\/aparra-surfcamp.com\/es\/wp-json\/wp\/v2\/media?parent=1817"}],"wp:term":[{"taxonomy":"sujet","embeddable":true,"href":"https:\/\/aparra-surfcamp.com\/es\/wp-json\/wp\/v2\/sujet?post=1817"}],"curies":[{"name":"wp","href":"https:\/\/api.w.org\/{rel}","templated":true}]}}